{"id":7,"date":"2023-01-29T17:56:14","date_gmt":"2023-01-29T17:56:14","guid":{"rendered":"https:\/\/naturhundmensch.ch\/?page_id=7"},"modified":"2025-06-23T14:53:39","modified_gmt":"2025-06-23T14:53:39","slug":"ueber-uns","status":"publish","type":"page","link":"https:\/\/naturhundmensch.ch\/?page_id=7","title":{"rendered":"\u00dcber uns"},"content":{"rendered":"\t\t<div data-elementor-type=\"wp-page\" data-elementor-id=\"7\" class=\"elementor elementor-7\">\n\t\t\t\t\t\t\t\t\t<section class=\"elementor-section elementor-top-section elementor-element elementor-element-43ab6d6 elementor-section-full_width elementor-section-stretched elementor-section-height-default elementor-section-height-default wpr-particle-no wpr-jarallax-no wpr-parallax-no wpr-sticky-section-no\" data-id=\"43ab6d6\" data-element_type=\"section\" data-settings=\"{&quot;stretch_section&quot;:&quot;section-stretched&quot;}\">\n\t\t\t\t\t\t<div class=\"elementor-container elementor-column-gap-no\">\n\t\t\t\t\t<div class=\"elementor-column elementor-col-100 elementor-top-column elementor-element elementor-element-e8f26fb\" data-id=\"e8f26fb\" data-element_type=\"column\">\n\t\t\t<div class=\"elementor-widget-wrap elementor-element-populated\">\n\t\t\t\t\t\t\t\t<div class=\"elementor-element elementor-element-b1a0c32 wpr-adv-slider-columns-1 elementor-widget__width-inherit wpr-adv-slider-columns--tablet1 wpr-adv-slider-columns--mobile1 wpr-adv-slides-to-scroll-1 wpr-slider-dots-horizontal wpr-slider-nav-position-custom elementor-widget elementor-widget-wpr-advanced-slider\" data-id=\"b1a0c32\" data-element_type=\"widget\" data-settings=\"{&quot;slider_autoplay_duration&quot;:6,&quot;slides_to_scroll&quot;:1,&quot;slider_autoplay&quot;:&quot;yes&quot;}\" data-widget_type=\"wpr-advanced-slider.default\">\n\t\t\t\t<div class=\"elementor-widget-container\">\n\t\t\t\n\t\t<!-- Advanced Slider -->\n\t\t<div class=\"wpr-advanced-slider-wrap\">\n\t\t\t\n\t\t\t<div class=\"wpr-advanced-slider\" dir=\"ltr\" data-slick=\"{&quot;rtl&quot;:false,&quot;speed&quot;:2000,&quot;arrows&quot;:true,&quot;dots&quot;:true,&quot;autoplay&quot;:true,&quot;autoplaySpeed&quot;:6000,&quot;pauseOnHover&quot;:&quot;yes&quot;,&quot;prevArrow&quot;:&quot;#wpr-slider-prev-b1a0c32&quot;,&quot;nextArrow&quot;:&quot;#wpr-slider-next-b1a0c32&quot;,&quot;vertical&quot;:false}\" data-slide-effect=\"fade\">\n\t\t\t\t<div class=\"wpr-slider-item elementor-repeater-item-720eeb4\"><div class=\"wpr-slider-item-bg \" style=\"background-image: url(https:\/\/naturhundmensch.ch\/wp-content\/uploads\/2023\/04\/DSC07825-scaled-e1681570858543.jpg)\"><\/div><div class=\"wpr-cv-container wpr-slider-animation\"><div class=\"wpr-cv-outer wpr-anim-transparency wpr-anim-size-small wpr-overlay-scale-up\"><div class=\"wpr-cv-inner\"><div class=\"wpr-slider-content\"><div class=\"wpr-slider-title\"><h1>NaturHundMensch - Daniel Heusi<\/h1><\/div><div class=\"wpr-slider-sub-title\"><h2>Hundetrainer, Tierbetreuer, Coach <\/h2><\/div><div class=\"wpr-slider-btns\"><\/div><\/div><\/div><\/div><\/div><\/div><div class=\"wpr-slider-item elementor-repeater-item-82a1c58\"><div class=\"wpr-slider-item-bg \" style=\"background-image: url(https:\/\/naturhundmensch.ch\/wp-content\/uploads\/2023\/04\/DSC07792-Bearbeitet-4-scaled-e1681571629438.jpg)\"><\/div><div class=\"wpr-cv-container wpr-slider-animation\"><div class=\"wpr-cv-outer wpr-anim-transparency wpr-anim-size-small wpr-overlay-scale-up\"><div class=\"wpr-cv-inner\"><div class=\"wpr-slider-content\"><div class=\"wpr-slider-title\"><h1>NHM - NaturHundMensch<\/h1><\/div><div class=\"wpr-slider-sub-title\"><h2>Naturverbundenheit - Hundeverst\u00e4ndnis - Menschlichkeit<\/h2><\/div><div class=\"wpr-slider-btns\"><\/div><\/div><\/div><\/div><\/div><\/div>\t\t\t<\/div>\n\t\t\t<div class=\"wpr-slider-controls\">\n\t\t\t\t<div class=\"wpr-slider-dots\"><\/div>\n\t\t\t<\/div>\n\n\t\t\t<div class=\"wpr-slider-arrow-container\">\n\t\t\t\t<div class=\"wpr-slider-prev-arrow wpr-slider-arrow\" id=\"wpr-slider-prev-b1a0c32\">\n\t\t\t\t\t<svg version=\"1.1\" xmlns=\"http:\/\/www.w3.org\/2000\/svg\" xmlns:xlink=\"http:\/\/www.w3.org\/1999\/xlink\" x=\"0px\" y=\"0px\" viewBox=\"0 0 283.4 512\" style=\"enable-background:new 0 0 283.4 512;\" xml:space=\"preserve\"><g><polygon class=\"st0\" points=\"54.5,256.3 283.4,485.1 256.1,512.5 0,256.3 0,256.3 27.2,229 256.1,0 283.4,27.4 \"\/><\/g><\/svg>\t\t\t\t<\/div>\n\t\t\t\t<div class=\"wpr-slider-next-arrow wpr-slider-arrow\" id=\"wpr-slider-next-b1a0c32\">\n\t\t\t\t\t<svg version=\"1.1\" xmlns=\"http:\/\/www.w3.org\/2000\/svg\" xmlns:xlink=\"http:\/\/www.w3.org\/1999\/xlink\" x=\"0px\" y=\"0px\" viewBox=\"0 0 283.4 512\" style=\"enable-background:new 0 0 283.4 512;\" xml:space=\"preserve\"><g><polygon class=\"st0\" points=\"54.5,256.3 283.4,485.1 256.1,512.5 0,256.3 0,256.3 27.2,229 256.1,0 283.4,27.4 \"\/><\/g><\/svg>\t\t\t\t<\/div>\n\t\t\t<\/div>\n\t\t\t\n\t\t\t<a class=\"wpr-slider-scroll-btn\" href=\"\"><i class=\"wpr-scroll-animation fas fa-angle-double-down\" aria-hidden=\"true\"><\/i><\/a>\n\t\t<\/div>\n\t\t\t\t<\/div>\n\t\t\t\t<\/div>\n\t\t\t\t\t<\/div>\n\t\t<\/div>\n\t\t\t\t\t\t\t<\/div>\n\t\t<\/section>\n\t\t\t\t<section class=\"elementor-section elementor-top-section elementor-element elementor-element-398896c elementor-section-boxed elementor-section-height-default elementor-section-height-default wpr-particle-no wpr-jarallax-no wpr-parallax-no wpr-sticky-section-no\" data-id=\"398896c\" data-element_type=\"section\">\n\t\t\t\t\t\t<div class=\"elementor-container elementor-column-gap-default\">\n\t\t\t\t\t<div class=\"elementor-column elementor-col-33 elementor-top-column elementor-element elementor-element-af384b7\" data-id=\"af384b7\" data-element_type=\"column\">\n\t\t\t<div class=\"elementor-widget-wrap elementor-element-populated\">\n\t\t\t\t\t\t\t\t<div class=\"elementor-element elementor-element-01881ff elementor-widget elementor-widget-image\" data-id=\"01881ff\" data-element_type=\"widget\" data-widget_type=\"image.default\">\n\t\t\t\t<div class=\"elementor-widget-container\">\n\t\t\t<style>\/*! elementor - v3.11.5 - 14-03-2023 *\/\n.elementor-widget-image{text-align:center}.elementor-widget-image a{display:inline-block}.elementor-widget-image a img[src$=\".svg\"]{width:48px}.elementor-widget-image img{vertical-align:middle;display:inline-block}<\/style>\t\t\t\t\t\t\t\t\t\t\t\t<img decoding=\"async\" width=\"1365\" height=\"2048\" src=\"https:\/\/naturhundmensch.ch\/wp-content\/uploads\/2025\/06\/DSC03952-1365x2048.jpg\" class=\"attachment-2048x2048 size-2048x2048 wp-image-796\" alt=\"\" loading=\"lazy\" srcset=\"https:\/\/naturhundmensch.ch\/wp-content\/uploads\/2025\/06\/DSC03952-1365x2048.jpg 1365w, https:\/\/naturhundmensch.ch\/wp-content\/uploads\/2025\/06\/DSC03952-200x300.jpg 200w, https:\/\/naturhundmensch.ch\/wp-content\/uploads\/2025\/06\/DSC03952-683x1024.jpg 683w, https:\/\/naturhundmensch.ch\/wp-content\/uploads\/2025\/06\/DSC03952-768x1152.jpg 768w, https:\/\/naturhundmensch.ch\/wp-content\/uploads\/2025\/06\/DSC03952-1024x1536.jpg 1024w, https:\/\/naturhundmensch.ch\/wp-content\/uploads\/2025\/06\/DSC03952-scaled.jpg 1707w\" sizes=\"(max-width: 1365px) 100vw, 1365px\" \/>\t\t\t\t\t\t\t\t\t\t\t\t\t\t\t<\/div>\n\t\t\t\t<\/div>\n\t\t\t\t\t<\/div>\n\t\t<\/div>\n\t\t\t\t<div class=\"elementor-column elementor-col-66 elementor-top-column elementor-element elementor-element-b63db27\" data-id=\"b63db27\" data-element_type=\"column\">\n\t\t\t<div class=\"elementor-widget-wrap elementor-element-populated\">\n\t\t\t\t\t\t\t\t<div class=\"elementor-element elementor-element-68bf12f wpr-feature-list-rhombus wpr-feature-list-left wpr-feature-list-line-yes elementor-widget elementor-widget-wpr-feature-list\" data-id=\"68bf12f\" data-element_type=\"widget\" data-widget_type=\"wpr-feature-list.default\">\n\t\t\t\t<div class=\"elementor-widget-container\">\n\t\t\t<div class=\"wpr-feature-list-wrap\"><ul class=\"wpr-feature-list\"><li class=\"wpr-feature-list-item elementor-repeater-item-3030575\"><div class=\"wpr-feature-list-icon-wrap\"><span class=\"wpr-feature-list-line\"><\/span><div class=\"wpr-feature-list-icon-inner-wrap\"><\/div><\/div><div class=\"wpr-feature-list-content-wrap\"><h2 class=\"wpr-feature-list-title\"><a class=\"wpr-feature-list-url\" target=\"_blank\" rel=\"nofollow\">Ausbildungen<\/a><\/h2><p class=\"wpr-feature-list-description\">Hundetrainer, Welpentrainer, Tierbetreuer<\/p><\/div><\/li><li class=\"wpr-feature-list-item elementor-repeater-item-ca240d2\"><div class=\"wpr-feature-list-icon-wrap\"><span class=\"wpr-feature-list-line\"><\/span><div class=\"wpr-feature-list-icon-inner-wrap\"><\/div><\/div><div class=\"wpr-feature-list-content-wrap\"><h2 class=\"wpr-feature-list-title\"><a class=\"wpr-feature-list-url\" target=\"_blank\" rel=\"nofollow\">Seminare und Workshops<\/a><\/h2><p class=\"wpr-feature-list-description\">Ern\u00e4hrung beim Hund, 1. Hilfe beim Hund, Rechtliche Grundlagen zur Hundehaltung, Biologie und Ethologie des Hundes, Veterin\u00e4rmedizin f\u00fcr Welpen und ausgewachsene Hunde<\/p><\/div><\/li><li class=\"wpr-feature-list-item elementor-repeater-item-ed58aa2\"><div class=\"wpr-feature-list-icon-wrap\"><span class=\"wpr-feature-list-line\"><\/span><div class=\"wpr-feature-list-icon-inner-wrap\"><\/div><\/div><div class=\"wpr-feature-list-content-wrap\"><h2 class=\"wpr-feature-list-title\"><a class=\"wpr-feature-list-url\" target=\"_blank\" rel=\"nofollow\">Philosophie<\/a><\/h2><p class=\"wpr-feature-list-description\">F\u00fchrung bedeutet Klarheit, Best\u00e4ndigkeit, Vertrauen und Zuspruch - genau in dieser Reihenfolge und nur als ganzheitliches Konzept. Wenn wir unserem Hund klare und best\u00e4ndige Signale geben, bauen wir gegenseitigen Respekt und Vertrauen auf, somit f\u00f6rdern wir das Gef\u00fchl von Sicherheit. Unser Hund lernt zu verstehen, was von ihm erwartet wird und gewinnt an Sicherheit<\/p><\/div><\/li><\/ul><\/div>\t\t<\/div>\n\t\t\t\t<\/div>\n\t\t\t\t\t<\/div>\n\t\t<\/div>\n\t\t\t\t\t\t\t<\/div>\n\t\t<\/section>\n\t\t\t\t\t\t\t<\/div>\n\t\t","protected":false},"excerpt":{"rendered":"<p>NaturHundMensch &#8211; Daniel Heusi Hundetrainer, Tierbetreuer, Coach NHM &#8211; NaturHundMensch Naturverbundenheit &#8211; Hundeverst\u00e4ndnis &#8211; Menschlichkeit Ausbildungen Hundetrainer, Welpentrainer, Tierbetreuer Seminare und Workshops Ern\u00e4hrung beim Hund, 1. Hilfe beim Hund, Rechtliche Grundlagen zur Hundehaltung, Biologie und Ethologie des Hundes, Veterin\u00e4rmedizin f\u00fcr Welpen und ausgewachsene Hunde Philosophie F\u00fchrung bedeutet Klarheit, Best\u00e4ndigkeit, Vertrauen und Zuspruch &#8211; genau in [&hellip;]<\/p>\n","protected":false},"author":1,"featured_media":0,"parent":0,"menu_order":0,"comment_status":"closed","ping_status":"closed","template":"","meta":[],"yoast_head":"<!-- This site is optimized with the Yoast SEO plugin v20.3 - https:\/\/yoast.com\/wordpress\/plugins\/seo\/ -->\n<title>\u00dcber uns - NaturHundMensch<\/title>\n<meta name=\"description\" content=\"Deine Hundeschule im Thurgau. Themenspezifische Kurse, Coachings, Hundetraining, Privatunterricht und Spazierdienst. Ruhe und Klarheit als Grundlage f\u00fcr eine erfolgreiche Mensch-Hund-Beziehung.\" \/>\n<meta name=\"robots\" content=\"index, follow, max-snippet:-1, max-image-preview:large, max-video-preview:-1\" \/>\n<link rel=\"canonical\" href=\"https:\/\/naturhundmensch.ch\/?page_id=7\" \/>\n<meta property=\"og:locale\" content=\"de_DE\" \/>\n<meta property=\"og:type\" content=\"article\" \/>\n<meta property=\"og:title\" content=\"\u00dcber uns - NaturHundMensch\" \/>\n<meta property=\"og:description\" content=\"Deine Hundeschule im Thurgau. Themenspezifische Kurse, Coachings, Hundetraining, Privatunterricht und Spazierdienst. Ruhe und Klarheit als Grundlage f\u00fcr eine erfolgreiche Mensch-Hund-Beziehung.\" \/>\n<meta property=\"og:url\" content=\"https:\/\/naturhundmensch.ch\/?page_id=7\" \/>\n<meta property=\"og:site_name\" content=\"NaturHundMensch\" \/>\n<meta property=\"article:modified_time\" content=\"2025-06-23T14:53:39+00:00\" \/>\n<meta property=\"og:image\" content=\"https:\/\/naturhundmensch.ch\/wp-content\/uploads\/2025\/06\/DSC03952-1365x2048.jpg\" \/>\n<meta name=\"twitter:card\" content=\"summary_large_image\" \/>\n<meta name=\"twitter:label1\" content=\"Gesch\u00e4tzte Lesezeit\" \/>\n\t<meta name=\"twitter:data1\" content=\"1\u00a0Minute\" \/>\n<script type=\"application\/ld+json\" class=\"yoast-schema-graph\">{\"@context\":\"https:\/\/schema.org\",\"@graph\":[{\"@type\":\"WebPage\",\"@id\":\"https:\/\/naturhundmensch.ch\/?page_id=7\",\"url\":\"https:\/\/naturhundmensch.ch\/?page_id=7\",\"name\":\"\u00dcber uns - NaturHundMensch\",\"isPartOf\":{\"@id\":\"https:\/\/naturhundmensch.ch\/#website\"},\"datePublished\":\"2023-01-29T17:56:14+00:00\",\"dateModified\":\"2025-06-23T14:53:39+00:00\",\"description\":\"Deine Hundeschule im Thurgau. Themenspezifische Kurse, Coachings, Hundetraining, Privatunterricht und Spazierdienst. Ruhe und Klarheit als Grundlage f\u00fcr eine erfolgreiche Mensch-Hund-Beziehung.\",\"breadcrumb\":{\"@id\":\"https:\/\/naturhundmensch.ch\/?page_id=7#breadcrumb\"},\"inLanguage\":\"de\",\"potentialAction\":[{\"@type\":\"ReadAction\",\"target\":[\"https:\/\/naturhundmensch.ch\/?page_id=7\"]}]},{\"@type\":\"BreadcrumbList\",\"@id\":\"https:\/\/naturhundmensch.ch\/?page_id=7#breadcrumb\",\"itemListElement\":[{\"@type\":\"ListItem\",\"position\":1,\"name\":\"Startseite\",\"item\":\"https:\/\/naturhundmensch.ch\/\"},{\"@type\":\"ListItem\",\"position\":2,\"name\":\"\u00dcber uns\"}]},{\"@type\":\"WebSite\",\"@id\":\"https:\/\/naturhundmensch.ch\/#website\",\"url\":\"https:\/\/naturhundmensch.ch\/\",\"name\":\"Hundeschule NaturHundMensch\",\"description\":\"Durch Ruhe zum Erfolg\",\"publisher\":{\"@id\":\"https:\/\/naturhundmensch.ch\/#organization\"},\"alternateName\":\"Hundeschule - NHM\",\"potentialAction\":[{\"@type\":\"SearchAction\",\"target\":{\"@type\":\"EntryPoint\",\"urlTemplate\":\"https:\/\/naturhundmensch.ch\/?s={search_term_string}\"},\"query-input\":\"required name=search_term_string\"}],\"inLanguage\":\"de\"},{\"@type\":\"Organization\",\"@id\":\"https:\/\/naturhundmensch.ch\/#organization\",\"name\":\"Hundeschule NaturHundMensch\",\"alternateName\":\"Hundeschule NHM\",\"url\":\"https:\/\/naturhundmensch.ch\/\",\"logo\":{\"@type\":\"ImageObject\",\"inLanguage\":\"de\",\"@id\":\"https:\/\/naturhundmensch.ch\/#\/schema\/logo\/image\/\",\"url\":\"https:\/\/naturhundmensch.ch\/wp-content\/uploads\/2023\/02\/cropped-Color-logo-no-background.png\",\"contentUrl\":\"https:\/\/naturhundmensch.ch\/wp-content\/uploads\/2023\/02\/cropped-Color-logo-no-background.png\",\"width\":240,\"height\":141,\"caption\":\"Hundeschule NaturHundMensch\"},\"image\":{\"@id\":\"https:\/\/naturhundmensch.ch\/#\/schema\/logo\/image\/\"},\"sameAs\":[\"https:\/\/www.instagram.com\/naturhundmensch\/\"]}]}<\/script>\n<!-- \/ Yoast SEO plugin. -->","yoast_head_json":{"title":"\u00dcber uns - NaturHundMensch","description":"Deine Hundeschule im Thurgau. Themenspezifische Kurse, Coachings, Hundetraining, Privatunterricht und Spazierdienst. Ruhe und Klarheit als Grundlage f\u00fcr eine erfolgreiche Mensch-Hund-Beziehung.","robots":{"index":"index","follow":"follow","max-snippet":"max-snippet:-1","max-image-preview":"max-image-preview:large","max-video-preview":"max-video-preview:-1"},"canonical":"https:\/\/naturhundmensch.ch\/?page_id=7","og_locale":"de_DE","og_type":"article","og_title":"\u00dcber uns - NaturHundMensch","og_description":"Deine Hundeschule im Thurgau. Themenspezifische Kurse, Coachings, Hundetraining, Privatunterricht und Spazierdienst. Ruhe und Klarheit als Grundlage f\u00fcr eine erfolgreiche Mensch-Hund-Beziehung.","og_url":"https:\/\/naturhundmensch.ch\/?page_id=7","og_site_name":"NaturHundMensch","article_modified_time":"2025-06-23T14:53:39+00:00","og_image":[{"url":"https:\/\/naturhundmensch.ch\/wp-content\/uploads\/2025\/06\/DSC03952-1365x2048.jpg"}],"twitter_card":"summary_large_image","twitter_misc":{"Gesch\u00e4tzte Lesezeit":"1\u00a0Minute"},"schema":{"@context":"https:\/\/schema.org","@graph":[{"@type":"WebPage","@id":"https:\/\/naturhundmensch.ch\/?page_id=7","url":"https:\/\/naturhundmensch.ch\/?page_id=7","name":"\u00dcber uns - NaturHundMensch","isPartOf":{"@id":"https:\/\/naturhundmensch.ch\/#website"},"datePublished":"2023-01-29T17:56:14+00:00","dateModified":"2025-06-23T14:53:39+00:00","description":"Deine Hundeschule im Thurgau. Themenspezifische Kurse, Coachings, Hundetraining, Privatunterricht und Spazierdienst. Ruhe und Klarheit als Grundlage f\u00fcr eine erfolgreiche Mensch-Hund-Beziehung.","breadcrumb":{"@id":"https:\/\/naturhundmensch.ch\/?page_id=7#breadcrumb"},"inLanguage":"de","potentialAction":[{"@type":"ReadAction","target":["https:\/\/naturhundmensch.ch\/?page_id=7"]}]},{"@type":"BreadcrumbList","@id":"https:\/\/naturhundmensch.ch\/?page_id=7#breadcrumb","itemListElement":[{"@type":"ListItem","position":1,"name":"Startseite","item":"https:\/\/naturhundmensch.ch\/"},{"@type":"ListItem","position":2,"name":"\u00dcber uns"}]},{"@type":"WebSite","@id":"https:\/\/naturhundmensch.ch\/#website","url":"https:\/\/naturhundmensch.ch\/","name":"Hundeschule NaturHundMensch","description":"Durch Ruhe zum Erfolg","publisher":{"@id":"https:\/\/naturhundmensch.ch\/#organization"},"alternateName":"Hundeschule - NHM","potentialAction":[{"@type":"SearchAction","target":{"@type":"EntryPoint","urlTemplate":"https:\/\/naturhundmensch.ch\/?s={search_term_string}"},"query-input":"required name=search_term_string"}],"inLanguage":"de"},{"@type":"Organization","@id":"https:\/\/naturhundmensch.ch\/#organization","name":"Hundeschule NaturHundMensch","alternateName":"Hundeschule NHM","url":"https:\/\/naturhundmensch.ch\/","logo":{"@type":"ImageObject","inLanguage":"de","@id":"https:\/\/naturhundmensch.ch\/#\/schema\/logo\/image\/","url":"https:\/\/naturhundmensch.ch\/wp-content\/uploads\/2023\/02\/cropped-Color-logo-no-background.png","contentUrl":"https:\/\/naturhundmensch.ch\/wp-content\/uploads\/2023\/02\/cropped-Color-logo-no-background.png","width":240,"height":141,"caption":"Hundeschule NaturHundMensch"},"image":{"@id":"https:\/\/naturhundmensch.ch\/#\/schema\/logo\/image\/"},"sameAs":["https:\/\/www.instagram.com\/naturhundmensch\/"]}]}},"_links":{"self":[{"href":"https:\/\/naturhundmensch.ch\/index.php?rest_route=\/wp\/v2\/pages\/7"}],"collection":[{"href":"https:\/\/naturhundmensch.ch\/index.php?rest_route=\/wp\/v2\/pages"}],"about":[{"href":"https:\/\/naturhundmensch.ch\/index.php?rest_route=\/wp\/v2\/types\/page"}],"author":[{"embeddable":true,"href":"https:\/\/naturhundmensch.ch\/index.php?rest_route=\/wp\/v2\/users\/1"}],"replies":[{"embeddable":true,"href":"https:\/\/naturhundmensch.ch\/index.php?rest_route=%2Fwp%2Fv2%2Fcomments&post=7"}],"version-history":[{"count":71,"href":"https:\/\/naturhundmensch.ch\/index.php?rest_route=\/wp\/v2\/pages\/7\/revisions"}],"predecessor-version":[{"id":808,"href":"https:\/\/naturhundmensch.ch\/index.php?rest_route=\/wp\/v2\/pages\/7\/revisions\/808"}],"wp:attachment":[{"href":"https:\/\/naturhundmensch.ch\/index.php?rest_route=%2Fwp%2Fv2%2Fmedia&parent=7"}],"curies":[{"name":"wp","href":"https:\/\/api.w.org\/{rel}","templated":true}]}}