{"id":230,"date":"2023-02-10T09:41:08","date_gmt":"2023-02-10T09:41:08","guid":{"rendered":"https:\/\/naturhundmensch.ch\/?page_id=230"},"modified":"2025-06-23T14:48:12","modified_gmt":"2025-06-23T14:48:12","slug":"hundekurse-thurgau","status":"publish","type":"page","link":"https:\/\/naturhundmensch.ch\/?page_id=230","title":{"rendered":"Erziehungskurs Thurgau"},"content":{"rendered":"\t\t<div data-elementor-type=\"wp-page\" data-elementor-id=\"230\" class=\"elementor elementor-230\">\n\t\t\t\t\t\t\t\t\t<section class=\"elementor-section elementor-top-section elementor-element elementor-element-8016a9d elementor-section-boxed elementor-section-height-default elementor-section-height-default wpr-particle-no wpr-jarallax-no wpr-parallax-no wpr-sticky-section-no\" data-id=\"8016a9d\" data-element_type=\"section\">\n\t\t\t\t\t\t<div class=\"elementor-container elementor-column-gap-default\">\n\t\t\t\t\t<div class=\"elementor-column elementor-col-100 elementor-top-column elementor-element elementor-element-dbcca55\" data-id=\"dbcca55\" data-element_type=\"column\">\n\t\t\t<div class=\"elementor-widget-wrap elementor-element-populated\">\n\t\t\t\t\t\t\t\t<section class=\"elementor-section elementor-inner-section elementor-element elementor-element-368f0a6 elementor-section-boxed elementor-section-height-default elementor-section-height-default wpr-particle-no wpr-jarallax-no wpr-parallax-no wpr-sticky-section-no\" data-id=\"368f0a6\" data-element_type=\"section\">\n\t\t\t\t\t\t<div class=\"elementor-container elementor-column-gap-default\">\n\t\t\t\t\t<div class=\"elementor-column elementor-col-50 elementor-inner-column elementor-element elementor-element-030497a\" data-id=\"030497a\" data-element_type=\"column\">\n\t\t\t<div class=\"elementor-widget-wrap elementor-element-populated\">\n\t\t\t\t\t\t\t\t<div class=\"elementor-element elementor-element-dc5b81d elementor-widget elementor-widget-image\" data-id=\"dc5b81d\" data-element_type=\"widget\" data-widget_type=\"image.default\">\n\t\t\t\t<div class=\"elementor-widget-container\">\n\t\t\t<style>\/*! elementor - v3.11.5 - 14-03-2023 *\/\n.elementor-widget-image{text-align:center}.elementor-widget-image a{display:inline-block}.elementor-widget-image a img[src$=\".svg\"]{width:48px}.elementor-widget-image img{vertical-align:middle;display:inline-block}<\/style>\t\t\t\t\t\t\t\t\t\t\t\t<img decoding=\"async\" width=\"640\" height=\"960\" src=\"https:\/\/naturhundmensch.ch\/wp-content\/uploads\/2025\/06\/DSC03952-683x1024.jpg\" class=\"attachment-large size-large wp-image-796\" alt=\"\" loading=\"lazy\" srcset=\"https:\/\/naturhundmensch.ch\/wp-content\/uploads\/2025\/06\/DSC03952-683x1024.jpg 683w, https:\/\/naturhundmensch.ch\/wp-content\/uploads\/2025\/06\/DSC03952-200x300.jpg 200w, https:\/\/naturhundmensch.ch\/wp-content\/uploads\/2025\/06\/DSC03952-768x1152.jpg 768w, https:\/\/naturhundmensch.ch\/wp-content\/uploads\/2025\/06\/DSC03952-1024x1536.jpg 1024w, https:\/\/naturhundmensch.ch\/wp-content\/uploads\/2025\/06\/DSC03952-1365x2048.jpg 1365w, https:\/\/naturhundmensch.ch\/wp-content\/uploads\/2025\/06\/DSC03952-scaled.jpg 1707w\" sizes=\"(max-width: 640px) 100vw, 640px\" \/>\t\t\t\t\t\t\t\t\t\t\t\t\t\t\t<\/div>\n\t\t\t\t<\/div>\n\t\t\t\t\t<\/div>\n\t\t<\/div>\n\t\t\t\t<div class=\"elementor-column elementor-col-50 elementor-inner-column elementor-element elementor-element-4e73e92\" data-id=\"4e73e92\" data-element_type=\"column\">\n\t\t\t<div class=\"elementor-widget-wrap elementor-element-populated\">\n\t\t\t\t\t\t\t\t<div class=\"elementor-element elementor-element-72ce7f7 elementor-widget elementor-widget-text-editor\" data-id=\"72ce7f7\" data-element_type=\"widget\" data-widget_type=\"text-editor.default\">\n\t\t\t\t<div class=\"elementor-widget-container\">\n\t\t\t<style>\/*! elementor - v3.11.5 - 14-03-2023 *\/\n.elementor-widget-text-editor.elementor-drop-cap-view-stacked .elementor-drop-cap{background-color:#818a91;color:#fff}.elementor-widget-text-editor.elementor-drop-cap-view-framed .elementor-drop-cap{color:#818a91;border:3px solid;background-color:transparent}.elementor-widget-text-editor:not(.elementor-drop-cap-view-default) .elementor-drop-cap{margin-top:8px}.elementor-widget-text-editor:not(.elementor-drop-cap-view-default) .elementor-drop-cap-letter{width:1em;height:1em}.elementor-widget-text-editor .elementor-drop-cap{float:left;text-align:center;line-height:1;font-size:50px}.elementor-widget-text-editor .elementor-drop-cap-letter{display:inline-block}<\/style>\t\t\t\t<p><b>Obligatorischer<\/b><strong> thurgauer Erziehungskurs<\/strong>\u00a0<b>im Privatunterricht<\/b><\/p><div class=\"flex-shrink-0 flex flex-col relative items-end\"><div><div class=\"pt-0\"><div class=\"gizmo-bot-avatar flex h-8 w-8 items-center justify-center overflow-hidden rounded-full\"><div class=\"relative p-1 rounded-sm flex items-center justify-center bg-token-main-surface-primary text-token-text-primary h-8 w-8\">\u00a0<\/div><\/div><\/div><\/div><\/div><div class=\"group\/conversation-turn relative flex w-full min-w-0 flex-col agent-turn\"><div class=\"flex-col gap-1 md:gap-3\"><div class=\"flex max-w-full flex-col flex-grow\"><div class=\"min-h-8 text-message flex w-full flex-col items-end gap-2 whitespace-normal break-words text-start [.text-message+&amp;]:mt-5\" dir=\"auto\" data-message-author-role=\"assistant\" data-message-id=\"24a90de9-e6a9-4482-8488-fb89d215f87e\" data-message-model-slug=\"gpt-4o\"><div class=\"flex w-full flex-col gap-1 empty:hidden first:pt-[3px]\"><div class=\"markdown prose w-full break-words dark:prose-invert light\"><p>Der <strong>Erziehungskurs Thurgau<\/strong> bietet individuellen Privatunterricht f\u00fcr Hundehalter, die ihren Hund zu einem gehorsamen Begleiter erziehen m\u00f6chten. Gem\u00e4\u00df den kantonalen Vorgaben umfasst der Kurs mindestens 10 Lektionen mit Schwerpunkten wie Leinenf\u00fchrigkeit, allgemeinem Gehorsam und Verhalten in verschiedenen Umgebungen.<\/p><p>Dieser Kurs ist f\u00fcr Hunde aller Altersgruppen und Rassen geeignet und zielt darauf ab, eine starke Bindung zwischen Ihnen und Ihrem Hund aufzubauen. Kontaktieren Sie uns, um mehr zu erfahren und Ihren Platz zu sichern.<\/p><\/div><\/div><\/div><\/div><\/div><\/div>\t\t\t\t\t\t<\/div>\n\t\t\t\t<\/div>\n\t\t\t\t<div class=\"elementor-element elementor-element-b3abc60 wpr-tabs-position-left wpr-tabs-icon-position-left elementor-widget elementor-widget-wpr-tabs\" data-id=\"b3abc60\" data-element_type=\"widget\" data-settings=\"{&quot;active_tab&quot;:1,&quot;autoplay&quot;:&quot;yes&quot;,&quot;autoplay_duration&quot;:5,&quot;tab_transition_duration&quot;:0.1}\" data-widget_type=\"wpr-tabs.default\">\n\t\t\t\t<div class=\"elementor-widget-container\">\n\t\t\t\t\t\n\t\t<div class=\"wpr-tabs\" data-options=\"{&quot;activeTab&quot;:1,&quot;trigger&quot;:&quot;click&quot;,&quot;autoplay&quot;:&quot;yes&quot;,&quot;autoplaySpeed&quot;:5000}\">\n\t\t\t\n\t\t\t<div class=\"wpr-tabs-wrap\">\n\t\t\t\t\n\t\t\t\t<div id=\"wpr-tab-1881\" class=\"wpr-tab elementor-repeater-item-d0eb03c\" data-tab=\"1\">\n\t\t\t\t\t\n\t\t\t\t\t\t\t\t\t\t<div class=\"wpr-tab-title\">Kursdetails<\/div>\n\t\t\t\t\t\n\t\t\t\t\t\t\t\t\t\n\t\t\t\t<\/div>\n\n\t\t\t\t\n\t\t\t\t<div id=\"wpr-tab-1882\" class=\"wpr-tab elementor-repeater-item-681e992\" data-tab=\"2\">\n\t\t\t\t\t\n\t\t\t\t\t\t\t\t\t\t<div class=\"wpr-tab-title\">Kontakt<\/div>\n\t\t\t\t\t\n\t\t\t\t\t\t\t\t\t\n\t\t\t\t<\/div>\n\n\t\t\t\t\t\t\t<\/div>\n\n\t\t\t<div class=\"wpr-tabs-content-wrap\">\n\t\t\t\t\n\t\t\t\t<div id=\"wpr-tab-content-1881\" class=\"wpr-tab-content elementor-repeater-item-d0eb03c\" data-tab=\"1\">\n\t\t\t\t\t<div class=\"wpr-tab-content-inner elementor-clearfix wpr-anim-size-large wpr-overlay-fade-in\"><p><strong>Format:<\/strong> Einzelunterricht, individuell angepasst an die Bed\u00fcrfnisse Ihres Hundes<\/p><p><strong>Region:<\/strong> Amriswil und Umgebung (innerhalb von 10 km ohne Anfahrtskosten)<\/p><p><strong>Kosten:<\/strong> CHF 900 f\u00fcr den gesamten Kurs inklusive schriftlicher Best\u00e4tigung; zus\u00e4tzliche Anfahrtskosten von CHF 1 pro Kilometer ausserhalb des 10-km-Radius.<\/p><\/div>\t\t\t\t<\/div>\n\n\t\t\t\t\n\t\t\t\t<div id=\"wpr-tab-content-1882\" class=\"wpr-tab-content elementor-repeater-item-681e992\" data-tab=\"2\">\n\t\t\t\t\t<div class=\"wpr-tab-content-inner elementor-clearfix wpr-anim-size-large wpr-overlay-fade-in\"><p><strong>E-Mail:<\/strong> info@naturhundmensch.ch<\/p><p><strong>Telefon:<\/strong> +41 79 569 82 15<\/p><p><strong>Erreichbarkeit:<br \/><\/strong>Montag bis Freitag: 09.00 Uhr- 18.00 Uhr<\/p><p>Samstag: 10.00 Uhr - 15.00 Uhr<\/p><\/div>\t\t\t\t<\/div>\n\n\t\t\t\t\t\t\t<\/div>\n\n\t\t<\/div>\n\n\t\t\t\t<\/div>\n\t\t\t\t<\/div>\n\t\t\t\t\t<\/div>\n\t\t<\/div>\n\t\t\t\t\t\t\t<\/div>\n\t\t<\/section>\n\t\t\t\t\t<\/div>\n\t\t<\/div>\n\t\t\t\t\t\t\t<\/div>\n\t\t<\/section>\n\t\t\t\t<section class=\"elementor-section elementor-top-section elementor-element elementor-element-5bf8708 elementor-section-boxed elementor-section-height-default elementor-section-height-default wpr-particle-no wpr-jarallax-no wpr-parallax-no wpr-sticky-section-no\" data-id=\"5bf8708\" data-element_type=\"section\">\n\t\t\t\t\t\t<div class=\"elementor-container elementor-column-gap-default\">\n\t\t\t\t\t<div class=\"elementor-column elementor-col-100 elementor-top-column elementor-element elementor-element-f4b4478\" data-id=\"f4b4478\" data-element_type=\"column\">\n\t\t\t<div class=\"elementor-widget-wrap\">\n\t\t\t\t\t\t\t\t\t<\/div>\n\t\t<\/div>\n\t\t\t\t\t\t\t<\/div>\n\t\t<\/section>\n\t\t\t\t\t\t\t<\/div>\n\t\t","protected":false},"excerpt":{"rendered":"<p>Obligatorischer thurgauer Erziehungskurs\u00a0im Privatunterricht \u00a0 Der Erziehungskurs Thurgau bietet individuellen Privatunterricht f\u00fcr Hundehalter, die ihren Hund zu einem gehorsamen Begleiter erziehen m\u00f6chten. Gem\u00e4\u00df den kantonalen Vorgaben umfasst der Kurs mindestens 10 Lektionen mit Schwerpunkten wie Leinenf\u00fchrigkeit, allgemeinem Gehorsam und Verhalten in verschiedenen Umgebungen. Dieser Kurs ist f\u00fcr Hunde aller Altersgruppen und Rassen geeignet und zielt [&hellip;]<\/p>\n","protected":false},"author":1,"featured_media":0,"parent":0,"menu_order":0,"comment_status":"closed","ping_status":"closed","template":"","meta":[],"yoast_head":"<!-- This site is optimized with the Yoast SEO plugin v20.3 - https:\/\/yoast.com\/wordpress\/plugins\/seo\/ -->\n<title>Erziehungskurs Thurgau - NaturHundMensch<\/title>\n<meta name=\"description\" content=\"Deine Hundeschule im Thurgau. Themenspezifische Kurse, Coachings, Hundetraining, Privatunterricht und Spazierdienst. Ruhe und Klarheit als Grundlage f\u00fcr eine erfolgreiche Mensch-Hund-Beziehung.\" \/>\n<meta name=\"robots\" content=\"index, follow, max-snippet:-1, max-image-preview:large, max-video-preview:-1\" \/>\n<link rel=\"canonical\" href=\"https:\/\/naturhundmensch.ch\/?page_id=230\" \/>\n<meta property=\"og:locale\" content=\"de_DE\" \/>\n<meta property=\"og:type\" content=\"article\" \/>\n<meta property=\"og:title\" content=\"Erziehungskurs Thurgau - NaturHundMensch\" \/>\n<meta property=\"og:description\" content=\"Deine Hundeschule im Thurgau. Themenspezifische Kurse, Coachings, Hundetraining, Privatunterricht und Spazierdienst. Ruhe und Klarheit als Grundlage f\u00fcr eine erfolgreiche Mensch-Hund-Beziehung.\" \/>\n<meta property=\"og:url\" content=\"https:\/\/naturhundmensch.ch\/?page_id=230\" \/>\n<meta property=\"og:site_name\" content=\"NaturHundMensch\" \/>\n<meta property=\"article:modified_time\" content=\"2025-06-23T14:48:12+00:00\" \/>\n<meta property=\"og:image\" content=\"https:\/\/naturhundmensch.ch\/wp-content\/uploads\/2025\/06\/DSC03952-683x1024.jpg\" \/>\n<meta name=\"twitter:card\" content=\"summary_large_image\" \/>\n<meta name=\"twitter:label1\" content=\"Gesch\u00e4tzte Lesezeit\" \/>\n\t<meta name=\"twitter:data1\" content=\"1\u00a0Minute\" \/>\n<script type=\"application\/ld+json\" class=\"yoast-schema-graph\">{\"@context\":\"https:\/\/schema.org\",\"@graph\":[{\"@type\":\"WebPage\",\"@id\":\"https:\/\/naturhundmensch.ch\/?page_id=230\",\"url\":\"https:\/\/naturhundmensch.ch\/?page_id=230\",\"name\":\"Erziehungskurs Thurgau - NaturHundMensch\",\"isPartOf\":{\"@id\":\"https:\/\/naturhundmensch.ch\/#website\"},\"datePublished\":\"2023-02-10T09:41:08+00:00\",\"dateModified\":\"2025-06-23T14:48:12+00:00\",\"description\":\"Deine Hundeschule im Thurgau. Themenspezifische Kurse, Coachings, Hundetraining, Privatunterricht und Spazierdienst. Ruhe und Klarheit als Grundlage f\u00fcr eine erfolgreiche Mensch-Hund-Beziehung.\",\"breadcrumb\":{\"@id\":\"https:\/\/naturhundmensch.ch\/?page_id=230#breadcrumb\"},\"inLanguage\":\"de\",\"potentialAction\":[{\"@type\":\"ReadAction\",\"target\":[\"https:\/\/naturhundmensch.ch\/?page_id=230\"]}]},{\"@type\":\"BreadcrumbList\",\"@id\":\"https:\/\/naturhundmensch.ch\/?page_id=230#breadcrumb\",\"itemListElement\":[{\"@type\":\"ListItem\",\"position\":1,\"name\":\"Startseite\",\"item\":\"https:\/\/naturhundmensch.ch\/\"},{\"@type\":\"ListItem\",\"position\":2,\"name\":\"Erziehungskurs Thurgau\"}]},{\"@type\":\"WebSite\",\"@id\":\"https:\/\/naturhundmensch.ch\/#website\",\"url\":\"https:\/\/naturhundmensch.ch\/\",\"name\":\"Hundeschule NaturHundMensch\",\"description\":\"Durch Ruhe zum Erfolg\",\"publisher\":{\"@id\":\"https:\/\/naturhundmensch.ch\/#organization\"},\"alternateName\":\"Hundeschule - NHM\",\"potentialAction\":[{\"@type\":\"SearchAction\",\"target\":{\"@type\":\"EntryPoint\",\"urlTemplate\":\"https:\/\/naturhundmensch.ch\/?s={search_term_string}\"},\"query-input\":\"required name=search_term_string\"}],\"inLanguage\":\"de\"},{\"@type\":\"Organization\",\"@id\":\"https:\/\/naturhundmensch.ch\/#organization\",\"name\":\"Hundeschule NaturHundMensch\",\"alternateName\":\"Hundeschule NHM\",\"url\":\"https:\/\/naturhundmensch.ch\/\",\"logo\":{\"@type\":\"ImageObject\",\"inLanguage\":\"de\",\"@id\":\"https:\/\/naturhundmensch.ch\/#\/schema\/logo\/image\/\",\"url\":\"https:\/\/naturhundmensch.ch\/wp-content\/uploads\/2023\/02\/cropped-Color-logo-no-background.png\",\"contentUrl\":\"https:\/\/naturhundmensch.ch\/wp-content\/uploads\/2023\/02\/cropped-Color-logo-no-background.png\",\"width\":240,\"height\":141,\"caption\":\"Hundeschule NaturHundMensch\"},\"image\":{\"@id\":\"https:\/\/naturhundmensch.ch\/#\/schema\/logo\/image\/\"},\"sameAs\":[\"https:\/\/www.instagram.com\/naturhundmensch\/\"]}]}<\/script>\n<!-- \/ Yoast SEO plugin. -->","yoast_head_json":{"title":"Erziehungskurs Thurgau - NaturHundMensch","description":"Deine Hundeschule im Thurgau. Themenspezifische Kurse, Coachings, Hundetraining, Privatunterricht und Spazierdienst. Ruhe und Klarheit als Grundlage f\u00fcr eine erfolgreiche Mensch-Hund-Beziehung.","robots":{"index":"index","follow":"follow","max-snippet":"max-snippet:-1","max-image-preview":"max-image-preview:large","max-video-preview":"max-video-preview:-1"},"canonical":"https:\/\/naturhundmensch.ch\/?page_id=230","og_locale":"de_DE","og_type":"article","og_title":"Erziehungskurs Thurgau - NaturHundMensch","og_description":"Deine Hundeschule im Thurgau. Themenspezifische Kurse, Coachings, Hundetraining, Privatunterricht und Spazierdienst. Ruhe und Klarheit als Grundlage f\u00fcr eine erfolgreiche Mensch-Hund-Beziehung.","og_url":"https:\/\/naturhundmensch.ch\/?page_id=230","og_site_name":"NaturHundMensch","article_modified_time":"2025-06-23T14:48:12+00:00","og_image":[{"url":"https:\/\/naturhundmensch.ch\/wp-content\/uploads\/2025\/06\/DSC03952-683x1024.jpg"}],"twitter_card":"summary_large_image","twitter_misc":{"Gesch\u00e4tzte Lesezeit":"1\u00a0Minute"},"schema":{"@context":"https:\/\/schema.org","@graph":[{"@type":"WebPage","@id":"https:\/\/naturhundmensch.ch\/?page_id=230","url":"https:\/\/naturhundmensch.ch\/?page_id=230","name":"Erziehungskurs Thurgau - NaturHundMensch","isPartOf":{"@id":"https:\/\/naturhundmensch.ch\/#website"},"datePublished":"2023-02-10T09:41:08+00:00","dateModified":"2025-06-23T14:48:12+00:00","description":"Deine Hundeschule im Thurgau. Themenspezifische Kurse, Coachings, Hundetraining, Privatunterricht und Spazierdienst. Ruhe und Klarheit als Grundlage f\u00fcr eine erfolgreiche Mensch-Hund-Beziehung.","breadcrumb":{"@id":"https:\/\/naturhundmensch.ch\/?page_id=230#breadcrumb"},"inLanguage":"de","potentialAction":[{"@type":"ReadAction","target":["https:\/\/naturhundmensch.ch\/?page_id=230"]}]},{"@type":"BreadcrumbList","@id":"https:\/\/naturhundmensch.ch\/?page_id=230#breadcrumb","itemListElement":[{"@type":"ListItem","position":1,"name":"Startseite","item":"https:\/\/naturhundmensch.ch\/"},{"@type":"ListItem","position":2,"name":"Erziehungskurs Thurgau"}]},{"@type":"WebSite","@id":"https:\/\/naturhundmensch.ch\/#website","url":"https:\/\/naturhundmensch.ch\/","name":"Hundeschule NaturHundMensch","description":"Durch Ruhe zum Erfolg","publisher":{"@id":"https:\/\/naturhundmensch.ch\/#organization"},"alternateName":"Hundeschule - NHM","potentialAction":[{"@type":"SearchAction","target":{"@type":"EntryPoint","urlTemplate":"https:\/\/naturhundmensch.ch\/?s={search_term_string}"},"query-input":"required name=search_term_string"}],"inLanguage":"de"},{"@type":"Organization","@id":"https:\/\/naturhundmensch.ch\/#organization","name":"Hundeschule NaturHundMensch","alternateName":"Hundeschule NHM","url":"https:\/\/naturhundmensch.ch\/","logo":{"@type":"ImageObject","inLanguage":"de","@id":"https:\/\/naturhundmensch.ch\/#\/schema\/logo\/image\/","url":"https:\/\/naturhundmensch.ch\/wp-content\/uploads\/2023\/02\/cropped-Color-logo-no-background.png","contentUrl":"https:\/\/naturhundmensch.ch\/wp-content\/uploads\/2023\/02\/cropped-Color-logo-no-background.png","width":240,"height":141,"caption":"Hundeschule NaturHundMensch"},"image":{"@id":"https:\/\/naturhundmensch.ch\/#\/schema\/logo\/image\/"},"sameAs":["https:\/\/www.instagram.com\/naturhundmensch\/"]}]}},"_links":{"self":[{"href":"https:\/\/naturhundmensch.ch\/index.php?rest_route=\/wp\/v2\/pages\/230"}],"collection":[{"href":"https:\/\/naturhundmensch.ch\/index.php?rest_route=\/wp\/v2\/pages"}],"about":[{"href":"https:\/\/naturhundmensch.ch\/index.php?rest_route=\/wp\/v2\/types\/page"}],"author":[{"embeddable":true,"href":"https:\/\/naturhundmensch.ch\/index.php?rest_route=\/wp\/v2\/users\/1"}],"replies":[{"embeddable":true,"href":"https:\/\/naturhundmensch.ch\/index.php?rest_route=%2Fwp%2Fv2%2Fcomments&post=230"}],"version-history":[{"count":38,"href":"https:\/\/naturhundmensch.ch\/index.php?rest_route=\/wp\/v2\/pages\/230\/revisions"}],"predecessor-version":[{"id":802,"href":"https:\/\/naturhundmensch.ch\/index.php?rest_route=\/wp\/v2\/pages\/230\/revisions\/802"}],"wp:attachment":[{"href":"https:\/\/naturhundmensch.ch\/index.php?rest_route=%2Fwp%2Fv2%2Fmedia&parent=230"}],"curies":[{"name":"wp","href":"https:\/\/api.w.org\/{rel}","templated":true}]}}