{"id":131,"date":"2023-02-06T16:33:13","date_gmt":"2023-02-06T16:33:13","guid":{"rendered":"https:\/\/naturhundmensch.ch\/?page_id=131"},"modified":"2025-12-03T18:23:27","modified_gmt":"2025-12-03T18:23:27","slug":"elementor-131","status":"publish","type":"page","link":"https:\/\/naturhundmensch.ch\/?page_id=131","title":{"rendered":"Social Walk&#8217;s"},"content":{"rendered":"\t\t<div data-elementor-type=\"wp-page\" data-elementor-id=\"131\" class=\"elementor elementor-131\">\n\t\t\t\t\t\t\t\t\t<section class=\"elementor-section elementor-top-section elementor-element elementor-element-fb15b79 elementor-section-boxed elementor-section-height-default elementor-section-height-default wpr-particle-no wpr-jarallax-no wpr-parallax-no wpr-sticky-section-no\" data-id=\"fb15b79\" data-element_type=\"section\">\n\t\t\t\t\t\t<div class=\"elementor-container elementor-column-gap-default\">\n\t\t\t\t\t<div class=\"elementor-column elementor-col-33 elementor-top-column elementor-element elementor-element-6984924\" data-id=\"6984924\" data-element_type=\"column\">\n\t\t\t<div class=\"elementor-widget-wrap elementor-element-populated\">\n\t\t\t\t\t\t\t\t<div class=\"elementor-element elementor-element-f93ac84 elementor-widget elementor-widget-image\" data-id=\"f93ac84\" data-element_type=\"widget\" data-widget_type=\"image.default\">\n\t\t\t\t<div class=\"elementor-widget-container\">\n\t\t\t<style>\/*! elementor - v3.11.5 - 14-03-2023 *\/\n.elementor-widget-image{text-align:center}.elementor-widget-image a{display:inline-block}.elementor-widget-image a img[src$=\".svg\"]{width:48px}.elementor-widget-image img{vertical-align:middle;display:inline-block}<\/style>\t\t\t\t\t\t\t\t\t\t\t\t<img decoding=\"async\" width=\"640\" height=\"960\" src=\"https:\/\/naturhundmensch.ch\/wp-content\/uploads\/2025\/06\/DSC03845-Verbessert-RR-683x1024.jpg\" class=\"attachment-large size-large wp-image-790\" alt=\"\" loading=\"lazy\" srcset=\"https:\/\/naturhundmensch.ch\/wp-content\/uploads\/2025\/06\/DSC03845-Verbessert-RR-683x1024.jpg 683w, https:\/\/naturhundmensch.ch\/wp-content\/uploads\/2025\/06\/DSC03845-Verbessert-RR-200x300.jpg 200w, https:\/\/naturhundmensch.ch\/wp-content\/uploads\/2025\/06\/DSC03845-Verbessert-RR-768x1152.jpg 768w, https:\/\/naturhundmensch.ch\/wp-content\/uploads\/2025\/06\/DSC03845-Verbessert-RR-1024x1536.jpg 1024w, https:\/\/naturhundmensch.ch\/wp-content\/uploads\/2025\/06\/DSC03845-Verbessert-RR-1365x2048.jpg 1365w, https:\/\/naturhundmensch.ch\/wp-content\/uploads\/2025\/06\/DSC03845-Verbessert-RR-scaled.jpg 1707w\" sizes=\"(max-width: 640px) 100vw, 640px\" \/>\t\t\t\t\t\t\t\t\t\t\t\t\t\t\t<\/div>\n\t\t\t\t<\/div>\n\t\t\t\t\t<\/div>\n\t\t<\/div>\n\t\t\t\t<div class=\"elementor-column elementor-col-66 elementor-top-column elementor-element elementor-element-d510034\" data-id=\"d510034\" data-element_type=\"column\">\n\t\t\t<div class=\"elementor-widget-wrap elementor-element-populated\">\n\t\t\t\t\t\t\t\t<div class=\"elementor-element elementor-element-b292534 elementor-widget elementor-widget-text-editor\" data-id=\"b292534\" data-element_type=\"widget\" data-widget_type=\"text-editor.default\">\n\t\t\t\t<div class=\"elementor-widget-container\">\n\t\t\t<style>\/*! elementor - v3.11.5 - 14-03-2023 *\/\n.elementor-widget-text-editor.elementor-drop-cap-view-stacked .elementor-drop-cap{background-color:#818a91;color:#fff}.elementor-widget-text-editor.elementor-drop-cap-view-framed .elementor-drop-cap{color:#818a91;border:3px solid;background-color:transparent}.elementor-widget-text-editor:not(.elementor-drop-cap-view-default) .elementor-drop-cap{margin-top:8px}.elementor-widget-text-editor:not(.elementor-drop-cap-view-default) .elementor-drop-cap-letter{width:1em;height:1em}.elementor-widget-text-editor .elementor-drop-cap{float:left;text-align:center;line-height:1;font-size:50px}.elementor-widget-text-editor .elementor-drop-cap-letter{display:inline-block}<\/style>\t\t\t\t<h1><strong>Social Walk<\/strong><\/h1><p><strong>Region Diessenhofen<br \/><\/strong>Social Walk \u2013 Ein einzigartiger Spaziergang, bei dem du und dein Hund die M\u00f6glichkeit<br \/>haben, in einer kontrollierten Umgebung mit einer Gruppe von mehreren Mensch-Hund Teams gemeinsam spazieren zu gehen.<br \/>Dabei wirst du von 2 erfahrenen Trainern begleitet und unterst\u00fctzt.<\/p><p><strong>Was ist der \u00abSocial Walk\u00bb?<br \/><\/strong>Ein entspannter Spaziergang f\u00fcr Jederhund, bei dem alle Hunde an der Leine bleiben und<br \/>jeder Abstand h\u00e4lt. Es entsteht kein direkter Kontakt zwischen den Hunden, sodass alle<br \/>Hunde die Gelegenheit haben, in einer stressfreien Umgebung zu lernen. Beim Social Walk<br \/>nehmen alle Teams R\u00fccksicht aufeinander.<\/p><p><strong>Daten:<br \/><\/strong>Die Social Walks finden in 8253 Willisdorf statt<br \/>Wir treffen uns monatlich an einem Samstag von 09.30 Uhr bis ca. 11.30 Uhr<\/p><p><em>Grosse Gruppe &#8211; 16 Teilnehmer<br \/><\/em><em style=\"font-family: var( --e-global-typography-text-font-family ), Sans-serif;\">20.12.2025 X-Mas Special<br \/><\/em><em style=\"font-family: var( --e-global-typography-text-font-family ), Sans-serif;\">31.01.2026 \/ 28.02.2026 \/ 28.03.2026 \/ 25.04.2026<br \/><\/em><em style=\"font-family: var( --e-global-typography-text-font-family ), Sans-serif;\">30.05.2026 \/ 27.06.2026 \/ Wird bekannt gegeben \/ 29.08.2026<br \/><\/em><em style=\"font-family: var( --e-global-typography-text-font-family ), Sans-serif;\">26.09.2026 \/ 31.10.2026 \/\u00a0<\/em><em style=\"font-family: var( --e-global-typography-text-font-family ), Sans-serif; font-weight: var( --e-global-typography-text-font-weight );\">28.11.2026 \/ 19.12.2026 X-Mas Special<\/em><\/p><p><em style=\"font-family: var( --e-global-typography-text-font-family ), Sans-serif;\">Kleine Gruppe &#8211; 8 Teilnehmer<br \/>17.01.2026 \/ 14.02.2026 \/ 14.03.2026 \/ 11.04.2026<br \/>16.05.2026 \/ 13.06.2026 \/ 11.07.2026 \/ 08.08.2026\u00a0<br \/>12.09.2026 \/ 17.10.2026 \/ 14.11.2026\u00a0<\/em><\/p><p>CHF 50\/Team<\/p>\t\t\t\t\t\t<\/div>\n\t\t\t\t<\/div>\n\t\t\t\t\t<\/div>\n\t\t<\/div>\n\t\t\t\t\t\t\t<\/div>\n\t\t<\/section>\n\t\t\t\t<section class=\"elementor-section elementor-top-section elementor-element elementor-element-a53105d elementor-section-boxed elementor-section-height-default elementor-section-height-default wpr-particle-no wpr-jarallax-no wpr-parallax-no wpr-sticky-section-no\" data-id=\"a53105d\" data-element_type=\"section\">\n\t\t\t\t\t\t<div class=\"elementor-container elementor-column-gap-default\">\n\t\t\t\t\t<div class=\"elementor-column elementor-col-33 elementor-top-column elementor-element elementor-element-3dbf679\" data-id=\"3dbf679\" data-element_type=\"column\">\n\t\t\t<div class=\"elementor-widget-wrap elementor-element-populated\">\n\t\t\t\t\t\t\t\t<div class=\"elementor-element elementor-element-f2dbb6d elementor-widget elementor-widget-image\" data-id=\"f2dbb6d\" data-element_type=\"widget\" data-widget_type=\"image.default\">\n\t\t\t\t<div class=\"elementor-widget-container\">\n\t\t\t\t\t\t\t\t\t\t\t\t\t\t\t<img decoding=\"async\" width=\"640\" height=\"960\" src=\"https:\/\/naturhundmensch.ch\/wp-content\/uploads\/2025\/06\/DSC03903-683x1024.jpg\" class=\"attachment-large size-large wp-image-795\" alt=\"\" loading=\"lazy\" srcset=\"https:\/\/naturhundmensch.ch\/wp-content\/uploads\/2025\/06\/DSC03903-683x1024.jpg 683w, https:\/\/naturhundmensch.ch\/wp-content\/uploads\/2025\/06\/DSC03903-200x300.jpg 200w, https:\/\/naturhundmensch.ch\/wp-content\/uploads\/2025\/06\/DSC03903-768x1152.jpg 768w, https:\/\/naturhundmensch.ch\/wp-content\/uploads\/2025\/06\/DSC03903-1024x1536.jpg 1024w, https:\/\/naturhundmensch.ch\/wp-content\/uploads\/2025\/06\/DSC03903-1365x2048.jpg 1365w, https:\/\/naturhundmensch.ch\/wp-content\/uploads\/2025\/06\/DSC03903-scaled.jpg 1707w\" sizes=\"(max-width: 640px) 100vw, 640px\" \/>\t\t\t\t\t\t\t\t\t\t\t\t\t\t\t<\/div>\n\t\t\t\t<\/div>\n\t\t\t\t\t<\/div>\n\t\t<\/div>\n\t\t\t\t<div class=\"elementor-column elementor-col-66 elementor-top-column elementor-element elementor-element-d99ce02\" data-id=\"d99ce02\" data-element_type=\"column\">\n\t\t\t<div class=\"elementor-widget-wrap elementor-element-populated\">\n\t\t\t\t\t\t\t\t<div class=\"elementor-element elementor-element-13640a7 elementor-widget elementor-widget-text-editor\" data-id=\"13640a7\" data-element_type=\"widget\" data-widget_type=\"text-editor.default\">\n\t\t\t\t<div class=\"elementor-widget-container\">\n\t\t\t\t\t\t\t<h1><strong>Paws in Sync&nbsp;<\/strong><\/h1>\n<p><strong>Gemeinsam unterwegs Region Amriswil<br><\/strong>Dieser Walk ist ein gef\u00fchrter Spaziergang, bei dem du und dein Hund als Teil einer harmonischen Gruppe mit mehreren Mensch-Hund-Teams unterwegs seid. Ziel ist es, das Gemeinschaftsgef\u00fchl zu st\u00e4rken, die Bindung zwischen dir und deinem Hund zu f\u00f6rdern und die soziale Vertr\u00e4glichkeit deines Hundes in einer entspannten Atmosph\u00e4re zu verbessern.<\/p>\n<p><strong>Was ist \u00abPaws in Sync\u00bb?<br><\/strong>Beim Paws in Sync bewegen sich alle Hunde und Halter kontrolliert und strukturiert in der Gruppe, ohne direkten Kontakt zwischen den Hunden. Jeder Hund bleibt an der Leine, und die Abst\u00e4nde werden an die individuellen Bed\u00fcrfnisse angepasst. Das ruhige Miteinander in einer stressfreien Umgebung bietet deinem Hund die M\u00f6glichkeit, entspannt zu lernen und neue Reize positiv zu verarbeiten.<\/p>\n<p>Begleitet wirst du von einem erfahrenen Trainer.<\/p>\n<p><strong>Daten:<br><\/strong>Paws in Sync findet in der Region 8580 Amriswil statt<br>Wir treffen uns monatlich an einem Samstag um 10.00 Uhr<\/p>\n<p><i>Wird bekannt gegeben<\/i><\/p>\n<p>CHF 50\/Team<\/p>\n<h3><a href=\"https:\/\/naturhundmensch.ch\/wp-content\/uploads\/2025\/06\/Ausschreibung-Paws-in-Sync.pdf\"><span style=\"text-decoration: underline;\">Anmeldeformular<\/span><\/a><\/h3>\t\t\t\t\t\t<\/div>\n\t\t\t\t<\/div>\n\t\t\t\t\t<\/div>\n\t\t<\/div>\n\t\t\t\t\t\t\t<\/div>\n\t\t<\/section>\n\t\t\t\t\t\t\t<\/div>\n\t\t","protected":false},"excerpt":{"rendered":"<p>Social Walk Region DiessenhofenSocial Walk \u2013 Ein einzigartiger Spaziergang, bei dem du und dein Hund die M\u00f6glichkeithaben, in einer kontrollierten Umgebung mit einer Gruppe von mehreren Mensch-Hund Teams gemeinsam spazieren zu gehen.Dabei wirst du von 2 erfahrenen Trainern begleitet und unterst\u00fctzt. Was ist der \u00abSocial Walk\u00bb?Ein entspannter Spaziergang f\u00fcr Jederhund, bei dem alle Hunde an [&hellip;]<\/p>\n","protected":false},"author":1,"featured_media":0,"parent":0,"menu_order":0,"comment_status":"closed","ping_status":"closed","template":"","meta":[],"yoast_head":"<!-- This site is optimized with the Yoast SEO plugin v20.3 - https:\/\/yoast.com\/wordpress\/plugins\/seo\/ -->\n<title>Social Walk&#039;s - NaturHundMensch<\/title>\n<meta name=\"description\" content=\"Deine Hundeschule im Thurgau. Themenspezifische Kurse, Coachings, Hundetraining, Privatunterricht und Spazierdienst. Ruhe und Klarheit als Grundlage f\u00fcr eine erfolgreiche Mensch-Hund-Beziehung.\" \/>\n<meta name=\"robots\" content=\"index, follow, max-snippet:-1, max-image-preview:large, max-video-preview:-1\" \/>\n<link rel=\"canonical\" href=\"https:\/\/naturhundmensch.ch\/?page_id=131\" \/>\n<meta property=\"og:locale\" content=\"de_DE\" \/>\n<meta property=\"og:type\" content=\"article\" \/>\n<meta property=\"og:title\" content=\"Social Walk&#039;s - NaturHundMensch\" \/>\n<meta property=\"og:description\" content=\"Deine Hundeschule im Thurgau. Themenspezifische Kurse, Coachings, Hundetraining, Privatunterricht und Spazierdienst. Ruhe und Klarheit als Grundlage f\u00fcr eine erfolgreiche Mensch-Hund-Beziehung.\" \/>\n<meta property=\"og:url\" content=\"https:\/\/naturhundmensch.ch\/?page_id=131\" \/>\n<meta property=\"og:site_name\" content=\"NaturHundMensch\" \/>\n<meta property=\"article:modified_time\" content=\"2025-12-03T18:23:27+00:00\" \/>\n<meta property=\"og:image\" content=\"https:\/\/naturhundmensch.ch\/wp-content\/uploads\/2025\/06\/DSC03845-Verbessert-RR-683x1024.jpg\" \/>\n<meta name=\"twitter:card\" content=\"summary_large_image\" \/>\n<meta name=\"twitter:label1\" content=\"Gesch\u00e4tzte Lesezeit\" \/>\n\t<meta name=\"twitter:data1\" content=\"3\u00a0Minuten\" \/>\n<script type=\"application\/ld+json\" class=\"yoast-schema-graph\">{\"@context\":\"https:\/\/schema.org\",\"@graph\":[{\"@type\":\"WebPage\",\"@id\":\"https:\/\/naturhundmensch.ch\/?page_id=131\",\"url\":\"https:\/\/naturhundmensch.ch\/?page_id=131\",\"name\":\"Social Walk's - NaturHundMensch\",\"isPartOf\":{\"@id\":\"https:\/\/naturhundmensch.ch\/#website\"},\"datePublished\":\"2023-02-06T16:33:13+00:00\",\"dateModified\":\"2025-12-03T18:23:27+00:00\",\"description\":\"Deine Hundeschule im Thurgau. Themenspezifische Kurse, Coachings, Hundetraining, Privatunterricht und Spazierdienst. Ruhe und Klarheit als Grundlage f\u00fcr eine erfolgreiche Mensch-Hund-Beziehung.\",\"breadcrumb\":{\"@id\":\"https:\/\/naturhundmensch.ch\/?page_id=131#breadcrumb\"},\"inLanguage\":\"de\",\"potentialAction\":[{\"@type\":\"ReadAction\",\"target\":[\"https:\/\/naturhundmensch.ch\/?page_id=131\"]}]},{\"@type\":\"BreadcrumbList\",\"@id\":\"https:\/\/naturhundmensch.ch\/?page_id=131#breadcrumb\",\"itemListElement\":[{\"@type\":\"ListItem\",\"position\":1,\"name\":\"Startseite\",\"item\":\"https:\/\/naturhundmensch.ch\/\"},{\"@type\":\"ListItem\",\"position\":2,\"name\":\"Social Walk&#8217;s\"}]},{\"@type\":\"WebSite\",\"@id\":\"https:\/\/naturhundmensch.ch\/#website\",\"url\":\"https:\/\/naturhundmensch.ch\/\",\"name\":\"Hundeschule NaturHundMensch\",\"description\":\"Durch Ruhe zum Erfolg\",\"publisher\":{\"@id\":\"https:\/\/naturhundmensch.ch\/#organization\"},\"alternateName\":\"Hundeschule - NHM\",\"potentialAction\":[{\"@type\":\"SearchAction\",\"target\":{\"@type\":\"EntryPoint\",\"urlTemplate\":\"https:\/\/naturhundmensch.ch\/?s={search_term_string}\"},\"query-input\":\"required name=search_term_string\"}],\"inLanguage\":\"de\"},{\"@type\":\"Organization\",\"@id\":\"https:\/\/naturhundmensch.ch\/#organization\",\"name\":\"Hundeschule NaturHundMensch\",\"alternateName\":\"Hundeschule NHM\",\"url\":\"https:\/\/naturhundmensch.ch\/\",\"logo\":{\"@type\":\"ImageObject\",\"inLanguage\":\"de\",\"@id\":\"https:\/\/naturhundmensch.ch\/#\/schema\/logo\/image\/\",\"url\":\"https:\/\/naturhundmensch.ch\/wp-content\/uploads\/2023\/02\/cropped-Color-logo-no-background.png\",\"contentUrl\":\"https:\/\/naturhundmensch.ch\/wp-content\/uploads\/2023\/02\/cropped-Color-logo-no-background.png\",\"width\":240,\"height\":141,\"caption\":\"Hundeschule NaturHundMensch\"},\"image\":{\"@id\":\"https:\/\/naturhundmensch.ch\/#\/schema\/logo\/image\/\"},\"sameAs\":[\"https:\/\/www.instagram.com\/naturhundmensch\/\"]}]}<\/script>\n<!-- \/ Yoast SEO plugin. -->","yoast_head_json":{"title":"Social Walk's - NaturHundMensch","description":"Deine Hundeschule im Thurgau. Themenspezifische Kurse, Coachings, Hundetraining, Privatunterricht und Spazierdienst. Ruhe und Klarheit als Grundlage f\u00fcr eine erfolgreiche Mensch-Hund-Beziehung.","robots":{"index":"index","follow":"follow","max-snippet":"max-snippet:-1","max-image-preview":"max-image-preview:large","max-video-preview":"max-video-preview:-1"},"canonical":"https:\/\/naturhundmensch.ch\/?page_id=131","og_locale":"de_DE","og_type":"article","og_title":"Social Walk's - NaturHundMensch","og_description":"Deine Hundeschule im Thurgau. Themenspezifische Kurse, Coachings, Hundetraining, Privatunterricht und Spazierdienst. Ruhe und Klarheit als Grundlage f\u00fcr eine erfolgreiche Mensch-Hund-Beziehung.","og_url":"https:\/\/naturhundmensch.ch\/?page_id=131","og_site_name":"NaturHundMensch","article_modified_time":"2025-12-03T18:23:27+00:00","og_image":[{"url":"https:\/\/naturhundmensch.ch\/wp-content\/uploads\/2025\/06\/DSC03845-Verbessert-RR-683x1024.jpg"}],"twitter_card":"summary_large_image","twitter_misc":{"Gesch\u00e4tzte Lesezeit":"3\u00a0Minuten"},"schema":{"@context":"https:\/\/schema.org","@graph":[{"@type":"WebPage","@id":"https:\/\/naturhundmensch.ch\/?page_id=131","url":"https:\/\/naturhundmensch.ch\/?page_id=131","name":"Social Walk's - NaturHundMensch","isPartOf":{"@id":"https:\/\/naturhundmensch.ch\/#website"},"datePublished":"2023-02-06T16:33:13+00:00","dateModified":"2025-12-03T18:23:27+00:00","description":"Deine Hundeschule im Thurgau. Themenspezifische Kurse, Coachings, Hundetraining, Privatunterricht und Spazierdienst. Ruhe und Klarheit als Grundlage f\u00fcr eine erfolgreiche Mensch-Hund-Beziehung.","breadcrumb":{"@id":"https:\/\/naturhundmensch.ch\/?page_id=131#breadcrumb"},"inLanguage":"de","potentialAction":[{"@type":"ReadAction","target":["https:\/\/naturhundmensch.ch\/?page_id=131"]}]},{"@type":"BreadcrumbList","@id":"https:\/\/naturhundmensch.ch\/?page_id=131#breadcrumb","itemListElement":[{"@type":"ListItem","position":1,"name":"Startseite","item":"https:\/\/naturhundmensch.ch\/"},{"@type":"ListItem","position":2,"name":"Social Walk&#8217;s"}]},{"@type":"WebSite","@id":"https:\/\/naturhundmensch.ch\/#website","url":"https:\/\/naturhundmensch.ch\/","name":"Hundeschule NaturHundMensch","description":"Durch Ruhe zum Erfolg","publisher":{"@id":"https:\/\/naturhundmensch.ch\/#organization"},"alternateName":"Hundeschule - NHM","potentialAction":[{"@type":"SearchAction","target":{"@type":"EntryPoint","urlTemplate":"https:\/\/naturhundmensch.ch\/?s={search_term_string}"},"query-input":"required name=search_term_string"}],"inLanguage":"de"},{"@type":"Organization","@id":"https:\/\/naturhundmensch.ch\/#organization","name":"Hundeschule NaturHundMensch","alternateName":"Hundeschule NHM","url":"https:\/\/naturhundmensch.ch\/","logo":{"@type":"ImageObject","inLanguage":"de","@id":"https:\/\/naturhundmensch.ch\/#\/schema\/logo\/image\/","url":"https:\/\/naturhundmensch.ch\/wp-content\/uploads\/2023\/02\/cropped-Color-logo-no-background.png","contentUrl":"https:\/\/naturhundmensch.ch\/wp-content\/uploads\/2023\/02\/cropped-Color-logo-no-background.png","width":240,"height":141,"caption":"Hundeschule NaturHundMensch"},"image":{"@id":"https:\/\/naturhundmensch.ch\/#\/schema\/logo\/image\/"},"sameAs":["https:\/\/www.instagram.com\/naturhundmensch\/"]}]}},"_links":{"self":[{"href":"https:\/\/naturhundmensch.ch\/index.php?rest_route=\/wp\/v2\/pages\/131"}],"collection":[{"href":"https:\/\/naturhundmensch.ch\/index.php?rest_route=\/wp\/v2\/pages"}],"about":[{"href":"https:\/\/naturhundmensch.ch\/index.php?rest_route=\/wp\/v2\/types\/page"}],"author":[{"embeddable":true,"href":"https:\/\/naturhundmensch.ch\/index.php?rest_route=\/wp\/v2\/users\/1"}],"replies":[{"embeddable":true,"href":"https:\/\/naturhundmensch.ch\/index.php?rest_route=%2Fwp%2Fv2%2Fcomments&post=131"}],"version-history":[{"count":68,"href":"https:\/\/naturhundmensch.ch\/index.php?rest_route=\/wp\/v2\/pages\/131\/revisions"}],"predecessor-version":[{"id":899,"href":"https:\/\/naturhundmensch.ch\/index.php?rest_route=\/wp\/v2\/pages\/131\/revisions\/899"}],"wp:attachment":[{"href":"https:\/\/naturhundmensch.ch\/index.php?rest_route=%2Fwp%2Fv2%2Fmedia&parent=131"}],"curies":[{"name":"wp","href":"https:\/\/api.w.org\/{rel}","templated":true}]}}