{"id":12,"date":"2023-01-29T17:59:56","date_gmt":"2023-01-29T17:59:56","guid":{"rendered":"https:\/\/naturhundmensch.ch\/?page_id=12"},"modified":"2025-06-23T14:56:31","modified_gmt":"2025-06-23T14:56:31","slug":"kurse","status":"publish","type":"page","link":"https:\/\/naturhundmensch.ch\/?page_id=12","title":{"rendered":"Dein Weg zur ausgeglichenen Mensch-Hund-Beziehung"},"content":{"rendered":"\t\t<div data-elementor-type=\"wp-page\" data-elementor-id=\"12\" class=\"elementor elementor-12\">\n\t\t\t\t\t\t\t\t\t<section class=\"elementor-section elementor-top-section elementor-element elementor-element-08ed8e4 elementor-section-full_width elementor-section-stretched elementor-section-height-default elementor-section-height-default wpr-particle-no wpr-jarallax-no wpr-parallax-no wpr-sticky-section-no\" data-id=\"08ed8e4\" data-element_type=\"section\" data-settings=\"{&quot;stretch_section&quot;:&quot;section-stretched&quot;}\">\n\t\t\t\t\t\t<div class=\"elementor-container elementor-column-gap-no\">\n\t\t\t\t\t<div class=\"elementor-column elementor-col-100 elementor-top-column elementor-element elementor-element-c455799\" data-id=\"c455799\" data-element_type=\"column\">\n\t\t\t<div class=\"elementor-widget-wrap elementor-element-populated\">\n\t\t\t\t\t\t\t\t<div class=\"elementor-element elementor-element-e65a877 wpr-adv-slider-columns-1 wpr-adv-slider-columns--tablet1 wpr-adv-slider-columns--mobile1 wpr-adv-slides-to-scroll-1 wpr-slider-dots-horizontal wpr-slider-nav-position-custom elementor-widget elementor-widget-wpr-advanced-slider\" data-id=\"e65a877\" data-element_type=\"widget\" data-settings=\"{&quot;slider_autoplay_duration&quot;:6,&quot;slides_to_scroll&quot;:1,&quot;slider_autoplay&quot;:&quot;yes&quot;}\" data-widget_type=\"wpr-advanced-slider.default\">\n\t\t\t\t<div class=\"elementor-widget-container\">\n\t\t\t\n\t\t<!-- Advanced Slider -->\n\t\t<div class=\"wpr-advanced-slider-wrap\">\n\t\t\t\n\t\t\t<div class=\"wpr-advanced-slider\" dir=\"ltr\" data-slick=\"{&quot;rtl&quot;:false,&quot;speed&quot;:2000,&quot;arrows&quot;:true,&quot;dots&quot;:true,&quot;autoplay&quot;:true,&quot;autoplaySpeed&quot;:6000,&quot;pauseOnHover&quot;:&quot;yes&quot;,&quot;prevArrow&quot;:&quot;#wpr-slider-prev-e65a877&quot;,&quot;nextArrow&quot;:&quot;#wpr-slider-next-e65a877&quot;,&quot;vertical&quot;:false}\" data-slide-effect=\"fade\">\n\t\t\t\t<div class=\"wpr-slider-item elementor-repeater-item-720eeb4\"><div class=\"wpr-slider-item-bg \" style=\"background-image: url(https:\/\/naturhundmensch.ch\/wp-content\/uploads\/2023\/03\/DSC07607-3-scaled.jpg)\"><\/div><div class=\"wpr-cv-container wpr-slider-animation\"><div class=\"wpr-cv-outer wpr-anim-transparency wpr-anim-size-small wpr-overlay-scale-up\"><div class=\"wpr-cv-inner\"><div class=\"wpr-slider-content\"><div class=\"wpr-slider-title\"><h1>Hundeschule NaturHundMensch<\/h1><\/div><div class=\"wpr-slider-sub-title\"><h2>Individuell und pers\u00f6nlich<\/h2><\/div><div class=\"wpr-slider-description\"><p>Erforsche die Welt deines Hundes<\/p><\/div><div class=\"wpr-slider-btns\"><\/div><\/div><\/div><\/div><\/div><\/div><div class=\"wpr-slider-item elementor-repeater-item-82a1c58\"><div class=\"wpr-slider-item-bg \" style=\"background-image: url(https:\/\/naturhundmensch.ch\/wp-content\/uploads\/2023\/03\/DSC07553-2-scaled.jpg)\"><\/div><div class=\"wpr-cv-container wpr-slider-animation\"><div class=\"wpr-cv-outer wpr-anim-transparency wpr-anim-size-small wpr-overlay-scale-up\"><div class=\"wpr-cv-inner\"><div class=\"wpr-slider-content\"><div class=\"wpr-slider-title\"><h1>Gemeinsam wachsen<\/h1><\/div><div class=\"wpr-slider-sub-title\"><h2>Ein Team bestehend aus Mensch und Hund w\u00e4chst immer zusammen<\/h2><\/div><div class=\"wpr-slider-btns\"><\/div><\/div><\/div><\/div><\/div><\/div><div class=\"wpr-slider-item elementor-repeater-item-67cadb6\"><div class=\"wpr-slider-item-bg \" style=\"background-image: url(https:\/\/naturhundmensch.ch\/wp-content\/uploads\/2023\/03\/NeroSprungBanner-scaled.jpg)\"><\/div><div class=\"wpr-cv-container wpr-slider-animation\"><div class=\"wpr-cv-outer wpr-anim-transparency wpr-anim-size-small wpr-overlay-scale-up\"><div class=\"wpr-cv-inner\"><div class=\"wpr-slider-content\"><div class=\"wpr-slider-title\"><h1>Hundekurse<\/h1><\/div><div class=\"wpr-slider-sub-title\"><h2>Kursangebot zu verschiedensten Themen<\/h2><\/div><div class=\"wpr-slider-description\"><p>Lass dich von unseren erfahrenen Trainern dabei unterst\u00fctzen, das Beste aus deinem Hund herauszuholen<\/p><\/div><div class=\"wpr-slider-btns\"><\/div><\/div><\/div><\/div><\/div><\/div>\t\t\t<\/div>\n\t\t\t<div class=\"wpr-slider-controls\">\n\t\t\t\t<div class=\"wpr-slider-dots\"><\/div>\n\t\t\t<\/div>\n\n\t\t\t<div class=\"wpr-slider-arrow-container\">\n\t\t\t\t<div class=\"wpr-slider-prev-arrow wpr-slider-arrow\" id=\"wpr-slider-prev-e65a877\">\n\t\t\t\t\t<svg version=\"1.1\" xmlns=\"http:\/\/www.w3.org\/2000\/svg\" xmlns:xlink=\"http:\/\/www.w3.org\/1999\/xlink\" x=\"0px\" y=\"0px\" viewBox=\"0 0 283.4 512\" style=\"enable-background:new 0 0 283.4 512;\" xml:space=\"preserve\"><g><polygon class=\"st0\" points=\"54.5,256.3 283.4,485.1 256.1,512.5 0,256.3 0,256.3 27.2,229 256.1,0 283.4,27.4 \"\/><\/g><\/svg>\t\t\t\t<\/div>\n\t\t\t\t<div class=\"wpr-slider-next-arrow wpr-slider-arrow\" id=\"wpr-slider-next-e65a877\">\n\t\t\t\t\t<svg version=\"1.1\" xmlns=\"http:\/\/www.w3.org\/2000\/svg\" xmlns:xlink=\"http:\/\/www.w3.org\/1999\/xlink\" x=\"0px\" y=\"0px\" viewBox=\"0 0 283.4 512\" style=\"enable-background:new 0 0 283.4 512;\" xml:space=\"preserve\"><g><polygon class=\"st0\" points=\"54.5,256.3 283.4,485.1 256.1,512.5 0,256.3 0,256.3 27.2,229 256.1,0 283.4,27.4 \"\/><\/g><\/svg>\t\t\t\t<\/div>\n\t\t\t<\/div>\n\t\t\t\n\t\t\t<a class=\"wpr-slider-scroll-btn\" href=\"\"><i class=\"wpr-scroll-animation fas fa-angle-double-down\" aria-hidden=\"true\"><\/i><\/a>\n\t\t<\/div>\n\t\t\t\t<\/div>\n\t\t\t\t<\/div>\n\t\t\t\t\t<\/div>\n\t\t<\/div>\n\t\t\t\t\t\t\t<\/div>\n\t\t<\/section>\n\t\t\t\t<section class=\"elementor-section elementor-top-section elementor-element elementor-element-3cca31570 elementor-section-boxed elementor-section-height-default elementor-section-height-default wpr-particle-no wpr-jarallax-no wpr-parallax-no wpr-sticky-section-no\" data-id=\"3cca31570\" data-element_type=\"section\">\n\t\t\t\t\t\t<div class=\"elementor-container elementor-column-gap-default\">\n\t\t\t\t\t<div class=\"elementor-column elementor-col-100 elementor-top-column elementor-element elementor-element-7fdfc2a\" data-id=\"7fdfc2a\" data-element_type=\"column\">\n\t\t\t<div class=\"elementor-widget-wrap elementor-element-populated\">\n\t\t\t\t\t\t\t\t<section class=\"elementor-section elementor-inner-section elementor-element elementor-element-308b459a elementor-section-boxed elementor-section-height-default elementor-section-height-default wpr-particle-no wpr-jarallax-no wpr-parallax-no wpr-sticky-section-no\" data-id=\"308b459a\" data-element_type=\"section\">\n\t\t\t\t\t\t<div class=\"elementor-container elementor-column-gap-extended\">\n\t\t\t\t\t<div class=\"elementor-column elementor-col-33 elementor-inner-column elementor-element elementor-element-4961ccc8\" data-id=\"4961ccc8\" data-element_type=\"column\">\n\t\t\t<div class=\"elementor-widget-wrap elementor-element-populated\">\n\t\t\t\t\t\t\t\t<div class=\"elementor-element elementor-element-1820f6c7 wpr-team-member-divider-center elementor-widget elementor-widget-wpr-team-member\" data-id=\"1820f6c7\" data-element_type=\"widget\" data-widget_type=\"wpr-team-member.default\">\n\t\t\t\t<div class=\"elementor-widget-container\">\n\t\t\t\n\t<div class=\"wpr-team-member\">\n\t\t\n\t\t\t\t\t\n\t\t\t<div class=\"wpr-member-media\">\n\t\t\t\t<div class=\"wpr-member-image\">\n\t\t\t\t\t<img decoding=\"async\" src=\"https:\/\/naturhundmensch.ch\/wp-content\/uploads\/2025\/06\/DSC03643-scaled.jpg\" alt=\"Klar sehen. Klar f\u00fchren.\">\n\t\t\t\t<\/div>\n\t\t\t\t\t\t\t<\/div>\n\t\t\t\t\n\t\t\n\t\t<div class=\"wpr-member-content\">\n\t\t\t<h3 class=\"wpr-member-name\">Klar sehen. Klar f\u00fchren.<\/h3>\n\t\t\t\n\t\t\t\t\t\t\t<div class=\"wpr-member-job\">Start jederzeit m\u00f6glich<\/div>\n\t\t\t\n\t\t\t\t\t\t\t<div class=\"wpr-member-divider\"><\/div>\n\t\t\t\n\t\t\t\t\t\t\t<div class=\"wpr-member-description\">Dieses 90-min\u00fctige Hundecoaching in der Ostschweiz ist f\u00fcr dich, wenn du merkst:\nEs muss sich etwas ver\u00e4ndern \u2013 aber du wei\u00dft nicht, wo du anfangen sollst.\n\nWir trainieren nicht. Wir schauen hin.\nIch helfe dir, Klarheit zu finden \u2013 und deinem Hund zu zeigen, dass du f\u00fchrst.<\/div>\n\t\t\t\t\t\t\n\t\t\t<div class=\"wpr-member-btn-wrap\"><a class=\"wpr-member-btn wpr-button-effect wpr-button-none\" href=\"https:\/\/naturhundmensch.ch\/?page_id=685\"><span>Erfahre mehr<\/span><\/a><\/div>\t\t<\/div>\n\n\t\t\t<\/div>\n\n\t\t\t<\/div>\n\t\t\t\t<\/div>\n\t\t\t\t\t<\/div>\n\t\t<\/div>\n\t\t\t\t<div class=\"elementor-column elementor-col-33 elementor-inner-column elementor-element elementor-element-74b2cdf\" data-id=\"74b2cdf\" data-element_type=\"column\">\n\t\t\t<div class=\"elementor-widget-wrap elementor-element-populated\">\n\t\t\t\t\t\t\t\t<div class=\"elementor-element elementor-element-3495b87 wpr-team-member-divider-center elementor-widget elementor-widget-wpr-team-member\" data-id=\"3495b87\" data-element_type=\"widget\" data-widget_type=\"wpr-team-member.default\">\n\t\t\t\t<div class=\"elementor-widget-container\">\n\t\t\t\n\t<div class=\"wpr-team-member\">\n\t\t\n\t\t\t\t\t\n\t\t\t<div class=\"wpr-member-media\">\n\t\t\t\t<div class=\"wpr-member-image\">\n\t\t\t\t\t<img decoding=\"async\" src=\"https:\/\/naturhundmensch.ch\/wp-content\/uploads\/elementor\/thumbs\/DSC03980-Verbessert-RR-r7qi59bh1e04ayq4pqi9f8plaj2fzaw6jb2wft7noo.jpg\" alt=\"6-w\u00f6chige 1:1 Begleitung\">\n\t\t\t\t<\/div>\n\t\t\t\t\t\t\t<\/div>\n\t\t\t\t\n\t\t\n\t\t<div class=\"wpr-member-content\">\n\t\t\t<h3 class=\"wpr-member-name\">6-w\u00f6chige 1:1 Begleitung<\/h3>\n\t\t\t\n\t\t\t\t\t\t\t<div class=\"wpr-member-job\">Start jederzeit m\u00f6glich<\/div>\n\t\t\t\n\t\t\t\t\t\t\t<div class=\"wpr-member-divider\"><\/div>\n\t\t\t\n\t\t\t\t\t\t\t<div class=\"wpr-member-description\">F\u00fcr Menschen, die sp\u00fcren, dass es nicht am Hund liegt \u2013 sondern an der eigenen Unklarheit. F\u00fcr alle, die bereit sind, nicht mehr ihren Hund zu ver\u00e4ndern, sondern sich selbst in die Verantwortung nehmen.\n\nNicht der Hund muss sich ver\u00e4ndern \u2013 sondern dein Standpunkt. Ich helfe dir zur klaren Beziehung.<\/div>\n\t\t\t\t\t\t\n\t\t\t<div class=\"wpr-member-btn-wrap\"><a class=\"wpr-member-btn wpr-button-effect wpr-button-none\" href=\"https:\/\/naturhundmensch.ch\/?page_id=732\"><span>Erfahre mehr<\/span><\/a><\/div>\t\t<\/div>\n\n\t\t\t<\/div>\n\n\t\t\t<\/div>\n\t\t\t\t<\/div>\n\t\t\t\t\t<\/div>\n\t\t<\/div>\n\t\t\t\t<div class=\"elementor-column elementor-col-33 elementor-inner-column elementor-element elementor-element-4d22a2ce\" data-id=\"4d22a2ce\" data-element_type=\"column\">\n\t\t\t<div class=\"elementor-widget-wrap elementor-element-populated\">\n\t\t\t\t\t\t\t\t<div class=\"elementor-element elementor-element-72f15309 wpr-team-member-divider-center elementor-widget elementor-widget-wpr-team-member\" data-id=\"72f15309\" data-element_type=\"widget\" data-widget_type=\"wpr-team-member.default\">\n\t\t\t\t<div class=\"elementor-widget-container\">\n\t\t\t\n\t<div class=\"wpr-team-member\">\n\t\t\n\t\t\t\t\t\n\t\t\t<div class=\"wpr-member-media\">\n\t\t\t\t<div class=\"wpr-member-image\">\n\t\t\t\t\t<img decoding=\"async\" src=\"https:\/\/naturhundmensch.ch\/wp-content\/uploads\/2025\/06\/DSC03731-scaled.jpg\" alt=\"TG. Erziehungskurs Einzelunterricht\">\n\t\t\t\t<\/div>\n\t\t\t\t\t\t\t<\/div>\n\t\t\t\t\n\t\t\n\t\t<div class=\"wpr-member-content\">\n\t\t\t<h3 class=\"wpr-member-name\">TG. Erziehungskurs Einzelunterricht<\/h3>\n\t\t\t\n\t\t\t\t\t\t\t<div class=\"wpr-member-job\">Start jederzeit m\u00f6glich<\/div>\n\t\t\t\n\t\t\t\t\t\t\t<div class=\"wpr-member-divider\"><\/div>\n\t\t\t\n\t\t\t\t\t\t\t<div class=\"wpr-member-description\">M\u00f6chten Sie, dass Ihr Hund zu einem gut erzogenen Begleiter wird? Dann ist unser Erziehungskurs im Einzelunterricht die perfekte Wahl f\u00fcr Sie und Ihren vierbeinigen Freund. Unser Kurs richtet sich an Hundebesitzer, die eine individuelle Hundeerziehung suchen.<\/div>\n\t\t\t\t\t\t\n\t\t\t<div class=\"wpr-member-btn-wrap\"><a class=\"wpr-member-btn wpr-button-effect wpr-button-none\" href=\"https:\/\/naturhundmensch.ch\/?page_id=230\"><span>Erfahre mehr<\/span><\/a><\/div>\t\t<\/div>\n\n\t\t\t<\/div>\n\n\t\t\t<\/div>\n\t\t\t\t<\/div>\n\t\t\t\t\t<\/div>\n\t\t<\/div>\n\t\t\t\t\t\t\t<\/div>\n\t\t<\/section>\n\t\t\t\t\t<\/div>\n\t\t<\/div>\n\t\t\t\t\t\t\t<\/div>\n\t\t<\/section>\n\t\t\t\t\t\t\t<\/div>\n\t\t","protected":false},"excerpt":{"rendered":"<p>Hundeschule NaturHundMensch Individuell und pers\u00f6nlich Erforsche die Welt deines Hundes Gemeinsam wachsen Ein Team bestehend aus Mensch und Hund w\u00e4chst immer zusammen Hundekurse Kursangebot zu verschiedensten Themen Lass dich von unseren erfahrenen Trainern dabei unterst\u00fctzen, das Beste aus deinem Hund herauszuholen Klar sehen. Klar f\u00fchren. Start jederzeit m\u00f6glich Dieses 90-min\u00fctige Hundecoaching in der Ostschweiz ist [&hellip;]<\/p>\n","protected":false},"author":1,"featured_media":0,"parent":0,"menu_order":0,"comment_status":"closed","ping_status":"closed","template":"","meta":[],"yoast_head":"<!-- This site is optimized with the Yoast SEO plugin v20.3 - https:\/\/yoast.com\/wordpress\/plugins\/seo\/ -->\n<title>Dein Weg zur ausgeglichenen Mensch-Hund-Beziehung - NaturHundMensch<\/title>\n<meta name=\"description\" content=\"Deine Hundeschule im Thurgau. Themenspezifische Kurse, Coachings, Hundetraining, Privatunterricht und Spazierdienst. Ruhe und Klarheit als Grundlage f\u00fcr eine erfolgreiche Mensch-Hund-Beziehung.\" \/>\n<meta name=\"robots\" content=\"index, follow, max-snippet:-1, max-image-preview:large, max-video-preview:-1\" \/>\n<link rel=\"canonical\" href=\"https:\/\/naturhundmensch.ch\/?page_id=12\" \/>\n<meta property=\"og:locale\" content=\"de_DE\" \/>\n<meta property=\"og:type\" content=\"article\" \/>\n<meta property=\"og:title\" content=\"Dein Weg zur ausgeglichenen Mensch-Hund-Beziehung - NaturHundMensch\" \/>\n<meta property=\"og:description\" content=\"Deine Hundeschule im Thurgau. Themenspezifische Kurse, Coachings, Hundetraining, Privatunterricht und Spazierdienst. Ruhe und Klarheit als Grundlage f\u00fcr eine erfolgreiche Mensch-Hund-Beziehung.\" \/>\n<meta property=\"og:url\" content=\"https:\/\/naturhundmensch.ch\/?page_id=12\" \/>\n<meta property=\"og:site_name\" content=\"NaturHundMensch\" \/>\n<meta property=\"article:modified_time\" content=\"2025-06-23T14:56:31+00:00\" \/>\n<meta property=\"og:image\" content=\"https:\/\/naturhundmensch.ch\/wp-content\/uploads\/2025\/06\/DSC03643-scaled.jpg\" \/>\n<meta name=\"twitter:card\" content=\"summary_large_image\" \/>\n<meta name=\"twitter:label1\" content=\"Gesch\u00e4tzte Lesezeit\" \/>\n\t<meta name=\"twitter:data1\" content=\"2\u00a0Minuten\" \/>\n<script type=\"application\/ld+json\" class=\"yoast-schema-graph\">{\"@context\":\"https:\/\/schema.org\",\"@graph\":[{\"@type\":\"WebPage\",\"@id\":\"https:\/\/naturhundmensch.ch\/?page_id=12\",\"url\":\"https:\/\/naturhundmensch.ch\/?page_id=12\",\"name\":\"Dein Weg zur ausgeglichenen Mensch-Hund-Beziehung - NaturHundMensch\",\"isPartOf\":{\"@id\":\"https:\/\/naturhundmensch.ch\/#website\"},\"datePublished\":\"2023-01-29T17:59:56+00:00\",\"dateModified\":\"2025-06-23T14:56:31+00:00\",\"description\":\"Deine Hundeschule im Thurgau. Themenspezifische Kurse, Coachings, Hundetraining, Privatunterricht und Spazierdienst. Ruhe und Klarheit als Grundlage f\u00fcr eine erfolgreiche Mensch-Hund-Beziehung.\",\"breadcrumb\":{\"@id\":\"https:\/\/naturhundmensch.ch\/?page_id=12#breadcrumb\"},\"inLanguage\":\"de\",\"potentialAction\":[{\"@type\":\"ReadAction\",\"target\":[\"https:\/\/naturhundmensch.ch\/?page_id=12\"]}]},{\"@type\":\"BreadcrumbList\",\"@id\":\"https:\/\/naturhundmensch.ch\/?page_id=12#breadcrumb\",\"itemListElement\":[{\"@type\":\"ListItem\",\"position\":1,\"name\":\"Startseite\",\"item\":\"https:\/\/naturhundmensch.ch\/\"},{\"@type\":\"ListItem\",\"position\":2,\"name\":\"Dein Weg zur ausgeglichenen Mensch-Hund-Beziehung\"}]},{\"@type\":\"WebSite\",\"@id\":\"https:\/\/naturhundmensch.ch\/#website\",\"url\":\"https:\/\/naturhundmensch.ch\/\",\"name\":\"Hundeschule NaturHundMensch\",\"description\":\"Durch Ruhe zum Erfolg\",\"publisher\":{\"@id\":\"https:\/\/naturhundmensch.ch\/#organization\"},\"alternateName\":\"Hundeschule - NHM\",\"potentialAction\":[{\"@type\":\"SearchAction\",\"target\":{\"@type\":\"EntryPoint\",\"urlTemplate\":\"https:\/\/naturhundmensch.ch\/?s={search_term_string}\"},\"query-input\":\"required name=search_term_string\"}],\"inLanguage\":\"de\"},{\"@type\":\"Organization\",\"@id\":\"https:\/\/naturhundmensch.ch\/#organization\",\"name\":\"Hundeschule NaturHundMensch\",\"alternateName\":\"Hundeschule NHM\",\"url\":\"https:\/\/naturhundmensch.ch\/\",\"logo\":{\"@type\":\"ImageObject\",\"inLanguage\":\"de\",\"@id\":\"https:\/\/naturhundmensch.ch\/#\/schema\/logo\/image\/\",\"url\":\"https:\/\/naturhundmensch.ch\/wp-content\/uploads\/2023\/02\/cropped-Color-logo-no-background.png\",\"contentUrl\":\"https:\/\/naturhundmensch.ch\/wp-content\/uploads\/2023\/02\/cropped-Color-logo-no-background.png\",\"width\":240,\"height\":141,\"caption\":\"Hundeschule NaturHundMensch\"},\"image\":{\"@id\":\"https:\/\/naturhundmensch.ch\/#\/schema\/logo\/image\/\"},\"sameAs\":[\"https:\/\/www.instagram.com\/naturhundmensch\/\"]}]}<\/script>\n<!-- \/ Yoast SEO plugin. -->","yoast_head_json":{"title":"Dein Weg zur ausgeglichenen Mensch-Hund-Beziehung - NaturHundMensch","description":"Deine Hundeschule im Thurgau. Themenspezifische Kurse, Coachings, Hundetraining, Privatunterricht und Spazierdienst. Ruhe und Klarheit als Grundlage f\u00fcr eine erfolgreiche Mensch-Hund-Beziehung.","robots":{"index":"index","follow":"follow","max-snippet":"max-snippet:-1","max-image-preview":"max-image-preview:large","max-video-preview":"max-video-preview:-1"},"canonical":"https:\/\/naturhundmensch.ch\/?page_id=12","og_locale":"de_DE","og_type":"article","og_title":"Dein Weg zur ausgeglichenen Mensch-Hund-Beziehung - NaturHundMensch","og_description":"Deine Hundeschule im Thurgau. Themenspezifische Kurse, Coachings, Hundetraining, Privatunterricht und Spazierdienst. Ruhe und Klarheit als Grundlage f\u00fcr eine erfolgreiche Mensch-Hund-Beziehung.","og_url":"https:\/\/naturhundmensch.ch\/?page_id=12","og_site_name":"NaturHundMensch","article_modified_time":"2025-06-23T14:56:31+00:00","og_image":[{"url":"https:\/\/naturhundmensch.ch\/wp-content\/uploads\/2025\/06\/DSC03643-scaled.jpg"}],"twitter_card":"summary_large_image","twitter_misc":{"Gesch\u00e4tzte Lesezeit":"2\u00a0Minuten"},"schema":{"@context":"https:\/\/schema.org","@graph":[{"@type":"WebPage","@id":"https:\/\/naturhundmensch.ch\/?page_id=12","url":"https:\/\/naturhundmensch.ch\/?page_id=12","name":"Dein Weg zur ausgeglichenen Mensch-Hund-Beziehung - NaturHundMensch","isPartOf":{"@id":"https:\/\/naturhundmensch.ch\/#website"},"datePublished":"2023-01-29T17:59:56+00:00","dateModified":"2025-06-23T14:56:31+00:00","description":"Deine Hundeschule im Thurgau. Themenspezifische Kurse, Coachings, Hundetraining, Privatunterricht und Spazierdienst. Ruhe und Klarheit als Grundlage f\u00fcr eine erfolgreiche Mensch-Hund-Beziehung.","breadcrumb":{"@id":"https:\/\/naturhundmensch.ch\/?page_id=12#breadcrumb"},"inLanguage":"de","potentialAction":[{"@type":"ReadAction","target":["https:\/\/naturhundmensch.ch\/?page_id=12"]}]},{"@type":"BreadcrumbList","@id":"https:\/\/naturhundmensch.ch\/?page_id=12#breadcrumb","itemListElement":[{"@type":"ListItem","position":1,"name":"Startseite","item":"https:\/\/naturhundmensch.ch\/"},{"@type":"ListItem","position":2,"name":"Dein Weg zur ausgeglichenen Mensch-Hund-Beziehung"}]},{"@type":"WebSite","@id":"https:\/\/naturhundmensch.ch\/#website","url":"https:\/\/naturhundmensch.ch\/","name":"Hundeschule NaturHundMensch","description":"Durch Ruhe zum Erfolg","publisher":{"@id":"https:\/\/naturhundmensch.ch\/#organization"},"alternateName":"Hundeschule - NHM","potentialAction":[{"@type":"SearchAction","target":{"@type":"EntryPoint","urlTemplate":"https:\/\/naturhundmensch.ch\/?s={search_term_string}"},"query-input":"required name=search_term_string"}],"inLanguage":"de"},{"@type":"Organization","@id":"https:\/\/naturhundmensch.ch\/#organization","name":"Hundeschule NaturHundMensch","alternateName":"Hundeschule NHM","url":"https:\/\/naturhundmensch.ch\/","logo":{"@type":"ImageObject","inLanguage":"de","@id":"https:\/\/naturhundmensch.ch\/#\/schema\/logo\/image\/","url":"https:\/\/naturhundmensch.ch\/wp-content\/uploads\/2023\/02\/cropped-Color-logo-no-background.png","contentUrl":"https:\/\/naturhundmensch.ch\/wp-content\/uploads\/2023\/02\/cropped-Color-logo-no-background.png","width":240,"height":141,"caption":"Hundeschule NaturHundMensch"},"image":{"@id":"https:\/\/naturhundmensch.ch\/#\/schema\/logo\/image\/"},"sameAs":["https:\/\/www.instagram.com\/naturhundmensch\/"]}]}},"_links":{"self":[{"href":"https:\/\/naturhundmensch.ch\/index.php?rest_route=\/wp\/v2\/pages\/12"}],"collection":[{"href":"https:\/\/naturhundmensch.ch\/index.php?rest_route=\/wp\/v2\/pages"}],"about":[{"href":"https:\/\/naturhundmensch.ch\/index.php?rest_route=\/wp\/v2\/types\/page"}],"author":[{"embeddable":true,"href":"https:\/\/naturhundmensch.ch\/index.php?rest_route=\/wp\/v2\/users\/1"}],"replies":[{"embeddable":true,"href":"https:\/\/naturhundmensch.ch\/index.php?rest_route=%2Fwp%2Fv2%2Fcomments&post=12"}],"version-history":[{"count":52,"href":"https:\/\/naturhundmensch.ch\/index.php?rest_route=\/wp\/v2\/pages\/12\/revisions"}],"predecessor-version":[{"id":811,"href":"https:\/\/naturhundmensch.ch\/index.php?rest_route=\/wp\/v2\/pages\/12\/revisions\/811"}],"wp:attachment":[{"href":"https:\/\/naturhundmensch.ch\/index.php?rest_route=%2Fwp%2Fv2%2Fmedia&parent=12"}],"curies":[{"name":"wp","href":"https:\/\/api.w.org\/{rel}","templated":true}]}}